{"id":3651,"date":"2026-03-10T12:36:43","date_gmt":"2026-03-10T11:36:43","guid":{"rendered":"https:\/\/www.inoxtorres.com\/politica-de-calidad-ambiental-y-de-seguridad-y-salud-en-el-trabajo\/"},"modified":"2026-03-10T12:44:03","modified_gmt":"2026-03-10T11:44:03","slug":"politica-de-calidad-ambiental-y-de-seguridad-y-salud-en-el-trabajo","status":"publish","type":"page","link":"https:\/\/www.inoxtorres.com\/es\/politica-de-calidad-ambiental-y-de-seguridad-y-salud-en-el-trabajo\/","title":{"rendered":"Pol\u00edtica de calidad"},"content":{"rendered":"\t\t<div data-elementor-type=\"wp-page\" data-elementor-id=\"3651\" class=\"elementor elementor-3651 elementor-3646\" data-elementor-post-type=\"page\">\n\t\t\t\t<div class=\"elementor-element elementor-element-23c14a3 e-con-full e-flex e-con e-parent\" data-id=\"23c14a3\" data-element_type=\"container\" data-settings=\"{&quot;background_background&quot;:&quot;classic&quot;}\">\n\t\t\t\t<div class=\"elementor-element elementor-element-284b955 elementor-widget elementor-widget-heading\" data-id=\"284b955\" data-element_type=\"widget\" data-widget_type=\"heading.default\">\n\t\t\t\t<div class=\"elementor-widget-container\">\n\t\t\t\t\t<h1 class=\"elementor-heading-title elementor-size-default\">Pol\u00edtica de calidad ambiental y de seguridad y salud en el trabajo<\/h1>\t\t\t\t<\/div>\n\t\t\t\t<\/div>\n\t\t\t\t<\/div>\n\t\t<div class=\"elementor-element elementor-element-423a4b8 e-con-full elementor-hidden-mobile e-flex e-con e-parent\" data-id=\"423a4b8\" data-element_type=\"container\">\n\t\t\t\t<div class=\"elementor-element elementor-element-a02bb94 elementor-widget elementor-widget-text-editor\" data-id=\"a02bb94\" data-element_type=\"widget\" data-widget_type=\"text-editor.default\">\n\t\t\t\t<div class=\"elementor-widget-container\">\n\t\t\t\t\t\t\t\t\t<p class=\"western\" align=\"justify\">La Pol\u00edtica de Calidad, Ambiental y de Seguridad y Salud en el Trabajo de<b> Inox Torres Group, s.l.<\/b> se establece en base a los siguientes compromisos:<\/p><ul><li><p class=\"western\" align=\"justify\"><span style=\"font-family: Arial, sans-serif;\"><span lang=\"en-US\">Dise\u00f1ar y fabricar los productos &#8211; recipientes a presi\u00f3n, intercambiadores de calor y otras construcciones soldadas \u2013 cumpliendo con los requisitos establecidos por nuestros clientes y otras partes interesadas, los legales aplicables y otros requisitos que la organizaci\u00f3n suscriba relacionados con la gesti\u00f3n de la calidad, ambiental y seguridad y salud en el trabajo.<\/span><\/span><\/p><\/li><li><p class=\"western\" align=\"justify\"><span style=\"font-family: Arial, sans-serif;\"><span lang=\"en-US\">Cumplir con la legislaci\u00f3n aplicable en materia de prevenci\u00f3n de riesgos laborales y prevenir los da\u00f1os y el deterioro de salud de todo el personal.<\/span><\/span><\/p><\/li><li><p class=\"western\" align=\"justify\"><span style=\"font-family: Arial, sans-serif;\"><span lang=\"en-US\">Ser apropiada a la naturaleza, magnitud e impactos ambientales de sus actividades, productos y servicios.<\/span><\/span><\/p><\/li><li><p class=\"western\" align=\"justify\"><span style=\"font-family: Arial, sans-serif;\"><span lang=\"en-US\">Estar documentada, implementada, mantenida y a disposici\u00f3n de las partes interesadas pertinentes.<\/span><\/span><\/p><\/li><li><p class=\"western\" align=\"justify\"><span style=\"font-family: Arial, sans-serif;\"><span lang=\"en-GB\">Asegurar la comunicaci\u00f3n y entendimiento de la misma a todo el personal de la organizaci\u00f3n y otras personas que trabajen para ella. Se buscar\u00e1 la participaci\u00f3n de todo el personal y se escuchar\u00e1n sus sugerencias. <\/span><\/span><\/p><\/li><li><p class=\"western\" align=\"justify\"><span style=\"font-family: Arial, sans-serif;\"><span lang=\"en-US\">Asegurar la colaboraci\u00f3n de personal adecuado y cualificado en las distintas \u00e1reas de la organizaci\u00f3n, facilitando los recursos necesarios.<\/span><\/span><\/p><\/li><li><p class=\"western\" align=\"justify\">Fomentar la participaci\u00f3n, informaci\u00f3n, formaci\u00f3n y consulta de todo el personal, incluidos los trabajadores temporales y externos que desarrollen trabajos en las instalaciones, para mantener un adecuado nivel de prevenci\u00f3n en la empresa.<\/p><\/li><li><p class=\"western\" align=\"justify\">Involucrar a todo el personal de la empresa en la responsabilidad de la gesti\u00f3n de calidad, ambiental y de la prevenci\u00f3n de riesgos laborales, incluyendo a contratistas y colaboradores en el compromiso activo de la mejora de las condiciones ambientales y de trabajo de los empleados.<\/p><\/li><li><p class=\"western\" align=\"justify\"><span style=\"font-family: Arial, sans-serif;\"><span lang=\"en-GB\">Mejorar continuamente la eficacia del sistema de gesti\u00f3n de calidad, ambiental, y los comportamientos y niveles de prevenci\u00f3n de la contaminaci\u00f3n y los riesgos laborales para obtener la mejora en el desempe\u00f1o de los mismos.<\/span><\/span><\/p><\/li><li><p class=\"western\" align=\"justify\"><span style=\"font-family: Arial, sans-serif;\"><span lang=\"en-GB\">Servir como marco de referencia para establecer y revisar los objetivos de calidad, ambientales y de seguridad y salud en el trabajo. <\/span><\/span><\/p><\/li><li><p class=\"western\" align=\"justify\"><span style=\"font-family: Arial, sans-serif;\"><span lang=\"en-GB\">Estar documentada, implementada, mantenida y a disposici\u00f3n de las partes interesadas pertinentes.<\/span><\/span><\/p><\/li><\/ul><p lang=\"es-ES-u-co-trad\" align=\"right\"><span style=\"font-family: Arial, sans-serif;\"><span style=\"font-size: medium;\"><span style=\"font-size: small;\"><span lang=\"es-ES\"><i>Juan Mart\u00ednez Torres<br><\/i><\/span><\/span><\/span><\/span><span style=\"font-family: Arial, sans-serif;\"><span style=\"font-size: small;\"><i>CEO<\/i><\/span><\/span><\/p><p class=\"western\" align=\"right\"><span style=\"font-family: Arial, sans-serif;\"><span style=\"font-size: small;\">Les Franqueses del Vall\u00e8s, January 2025<\/span><\/span><\/p>\t\t\t\t\t\t\t\t<\/div>\n\t\t\t\t<\/div>\n\t\t\t\t<div class=\"elementor-element elementor-element-56e7d44 elementor-widget-divider--view-line elementor-widget elementor-widget-divider\" data-id=\"56e7d44\" data-element_type=\"widget\" data-widget_type=\"divider.default\">\n\t\t\t\t<div class=\"elementor-widget-container\">\n\t\t\t\t\t\t\t<div class=\"elementor-divider\">\n\t\t\t<span class=\"elementor-divider-separator\">\n\t\t\t\t\t\t<\/span>\n\t\t<\/div>\n\t\t\t\t\t\t<\/div>\n\t\t\t\t<\/div>\n\t\t\t\t<\/div>\n\t\t\t\t<\/div>\n\t\t","protected":false},"excerpt":{"rendered":"<p>Pol\u00edtica de calidad ambiental y de seguridad y salud en el trabajo La Pol\u00edtica de Calidad, Ambiental y de Seguridad y Salud en el Trabajo de Inox Torres Group, s.l. se establece en base a los siguientes compromisos: Dise\u00f1ar y fabricar los productos &#8211; recipientes a presi\u00f3n, intercambiadores de calor y otras construcciones soldadas \u2013 [&hellip;]<\/p>\n","protected":false},"author":1,"featured_media":0,"parent":0,"menu_order":0,"comment_status":"closed","ping_status":"closed","template":"","meta":{"_acf_changed":false,"footnotes":""},"class_list":["post-3651","page","type-page","status-publish","hentry"],"acf":[],"yoast_head":"<!-- This site is optimized with the Yoast SEO plugin v26.6 - https:\/\/yoast.com\/wordpress\/plugins\/seo\/ -->\n<title>Pol\u00edtica de calidad - InoxTorres<\/title>\n<meta name=\"robots\" content=\"index, follow, max-snippet:-1, max-image-preview:large, max-video-preview:-1\" \/>\n<link rel=\"canonical\" href=\"https:\/\/www.inoxtorres.com\/es\/politica-de-calidad-ambiental-y-de-seguridad-y-salud-en-el-trabajo\/\" \/>\n<meta property=\"og:locale\" content=\"es_ES\" \/>\n<meta property=\"og:type\" content=\"article\" \/>\n<meta property=\"og:title\" content=\"Pol\u00edtica de calidad - InoxTorres\" \/>\n<meta property=\"og:description\" content=\"Pol\u00edtica de calidad ambiental y de seguridad y salud en el trabajo La Pol\u00edtica de Calidad, Ambiental y de Seguridad y Salud en el Trabajo de Inox Torres Group, s.l. se establece en base a los siguientes compromisos: Dise\u00f1ar y fabricar los productos &#8211; recipientes a presi\u00f3n, intercambiadores de calor y otras construcciones soldadas \u2013 [&hellip;]\" \/>\n<meta property=\"og:url\" content=\"https:\/\/www.inoxtorres.com\/es\/politica-de-calidad-ambiental-y-de-seguridad-y-salud-en-el-trabajo\/\" \/>\n<meta property=\"og:site_name\" content=\"InoxTorres\" \/>\n<meta property=\"article:modified_time\" content=\"2026-03-10T11:44:03+00:00\" \/>\n<meta name=\"twitter:card\" content=\"summary_large_image\" \/>\n<meta name=\"twitter:label1\" content=\"Tiempo de lectura\" \/>\n\t<meta name=\"twitter:data1\" content=\"2 minutos\" \/>\n<script type=\"application\/ld+json\" class=\"yoast-schema-graph\">{\"@context\":\"https:\/\/schema.org\",\"@graph\":[{\"@type\":\"WebPage\",\"@id\":\"https:\/\/www.inoxtorres.com\/es\/politica-de-calidad-ambiental-y-de-seguridad-y-salud-en-el-trabajo\/\",\"url\":\"https:\/\/www.inoxtorres.com\/es\/politica-de-calidad-ambiental-y-de-seguridad-y-salud-en-el-trabajo\/\",\"name\":\"Pol\u00edtica de calidad - InoxTorres\",\"isPartOf\":{\"@id\":\"https:\/\/www.inoxtorres.com\/es\/#website\"},\"datePublished\":\"2026-03-10T11:36:43+00:00\",\"dateModified\":\"2026-03-10T11:44:03+00:00\",\"breadcrumb\":{\"@id\":\"https:\/\/www.inoxtorres.com\/es\/politica-de-calidad-ambiental-y-de-seguridad-y-salud-en-el-trabajo\/#breadcrumb\"},\"inLanguage\":\"es\",\"potentialAction\":[{\"@type\":\"ReadAction\",\"target\":[\"https:\/\/www.inoxtorres.com\/es\/politica-de-calidad-ambiental-y-de-seguridad-y-salud-en-el-trabajo\/\"]}]},{\"@type\":\"BreadcrumbList\",\"@id\":\"https:\/\/www.inoxtorres.com\/es\/politica-de-calidad-ambiental-y-de-seguridad-y-salud-en-el-trabajo\/#breadcrumb\",\"itemListElement\":[{\"@type\":\"ListItem\",\"position\":1,\"name\":\"Portada\",\"item\":\"https:\/\/www.inoxtorres.com\/es\/hogar\/\"},{\"@type\":\"ListItem\",\"position\":2,\"name\":\"Pol\u00edtica de calidad\"}]},{\"@type\":\"WebSite\",\"@id\":\"https:\/\/www.inoxtorres.com\/es\/#website\",\"url\":\"https:\/\/www.inoxtorres.com\/es\/\",\"name\":\"InoxTorres\",\"description\":\"\",\"publisher\":{\"@id\":\"https:\/\/www.inoxtorres.com\/es\/#organization\"},\"potentialAction\":[{\"@type\":\"SearchAction\",\"target\":{\"@type\":\"EntryPoint\",\"urlTemplate\":\"https:\/\/www.inoxtorres.com\/es\/?s={search_term_string}\"},\"query-input\":{\"@type\":\"PropertyValueSpecification\",\"valueRequired\":true,\"valueName\":\"search_term_string\"}}],\"inLanguage\":\"es\"},{\"@type\":\"Organization\",\"@id\":\"https:\/\/www.inoxtorres.com\/es\/#organization\",\"name\":\"InoxTorres\",\"url\":\"https:\/\/www.inoxtorres.com\/es\/\",\"logo\":{\"@type\":\"ImageObject\",\"inLanguage\":\"es\",\"@id\":\"https:\/\/www.inoxtorres.com\/es\/#\/schema\/logo\/image\/\",\"url\":\"https:\/\/www.inoxtorres.com\/wp-content\/uploads\/2025\/05\/Light-3.svg\",\"contentUrl\":\"https:\/\/www.inoxtorres.com\/wp-content\/uploads\/2025\/05\/Light-3.svg\",\"width\":246,\"height\":55,\"caption\":\"InoxTorres\"},\"image\":{\"@id\":\"https:\/\/www.inoxtorres.com\/es\/#\/schema\/logo\/image\/\"}}]}<\/script>\n<!-- \/ Yoast SEO plugin. -->","yoast_head_json":{"title":"Pol\u00edtica de calidad - InoxTorres","robots":{"index":"index","follow":"follow","max-snippet":"max-snippet:-1","max-image-preview":"max-image-preview:large","max-video-preview":"max-video-preview:-1"},"canonical":"https:\/\/www.inoxtorres.com\/es\/politica-de-calidad-ambiental-y-de-seguridad-y-salud-en-el-trabajo\/","og_locale":"es_ES","og_type":"article","og_title":"Pol\u00edtica de calidad - InoxTorres","og_description":"Pol\u00edtica de calidad ambiental y de seguridad y salud en el trabajo La Pol\u00edtica de Calidad, Ambiental y de Seguridad y Salud en el Trabajo de Inox Torres Group, s.l. se establece en base a los siguientes compromisos: Dise\u00f1ar y fabricar los productos &#8211; recipientes a presi\u00f3n, intercambiadores de calor y otras construcciones soldadas \u2013 [&hellip;]","og_url":"https:\/\/www.inoxtorres.com\/es\/politica-de-calidad-ambiental-y-de-seguridad-y-salud-en-el-trabajo\/","og_site_name":"InoxTorres","article_modified_time":"2026-03-10T11:44:03+00:00","twitter_card":"summary_large_image","twitter_misc":{"Tiempo de lectura":"2 minutos"},"schema":{"@context":"https:\/\/schema.org","@graph":[{"@type":"WebPage","@id":"https:\/\/www.inoxtorres.com\/es\/politica-de-calidad-ambiental-y-de-seguridad-y-salud-en-el-trabajo\/","url":"https:\/\/www.inoxtorres.com\/es\/politica-de-calidad-ambiental-y-de-seguridad-y-salud-en-el-trabajo\/","name":"Pol\u00edtica de calidad - InoxTorres","isPartOf":{"@id":"https:\/\/www.inoxtorres.com\/es\/#website"},"datePublished":"2026-03-10T11:36:43+00:00","dateModified":"2026-03-10T11:44:03+00:00","breadcrumb":{"@id":"https:\/\/www.inoxtorres.com\/es\/politica-de-calidad-ambiental-y-de-seguridad-y-salud-en-el-trabajo\/#breadcrumb"},"inLanguage":"es","potentialAction":[{"@type":"ReadAction","target":["https:\/\/www.inoxtorres.com\/es\/politica-de-calidad-ambiental-y-de-seguridad-y-salud-en-el-trabajo\/"]}]},{"@type":"BreadcrumbList","@id":"https:\/\/www.inoxtorres.com\/es\/politica-de-calidad-ambiental-y-de-seguridad-y-salud-en-el-trabajo\/#breadcrumb","itemListElement":[{"@type":"ListItem","position":1,"name":"Portada","item":"https:\/\/www.inoxtorres.com\/es\/hogar\/"},{"@type":"ListItem","position":2,"name":"Pol\u00edtica de calidad"}]},{"@type":"WebSite","@id":"https:\/\/www.inoxtorres.com\/es\/#website","url":"https:\/\/www.inoxtorres.com\/es\/","name":"InoxTorres","description":"","publisher":{"@id":"https:\/\/www.inoxtorres.com\/es\/#organization"},"potentialAction":[{"@type":"SearchAction","target":{"@type":"EntryPoint","urlTemplate":"https:\/\/www.inoxtorres.com\/es\/?s={search_term_string}"},"query-input":{"@type":"PropertyValueSpecification","valueRequired":true,"valueName":"search_term_string"}}],"inLanguage":"es"},{"@type":"Organization","@id":"https:\/\/www.inoxtorres.com\/es\/#organization","name":"InoxTorres","url":"https:\/\/www.inoxtorres.com\/es\/","logo":{"@type":"ImageObject","inLanguage":"es","@id":"https:\/\/www.inoxtorres.com\/es\/#\/schema\/logo\/image\/","url":"https:\/\/www.inoxtorres.com\/wp-content\/uploads\/2025\/05\/Light-3.svg","contentUrl":"https:\/\/www.inoxtorres.com\/wp-content\/uploads\/2025\/05\/Light-3.svg","width":246,"height":55,"caption":"InoxTorres"},"image":{"@id":"https:\/\/www.inoxtorres.com\/es\/#\/schema\/logo\/image\/"}}]}},"_links":{"self":[{"href":"https:\/\/www.inoxtorres.com\/es\/wp-json\/wp\/v2\/pages\/3651","targetHints":{"allow":["GET"]}}],"collection":[{"href":"https:\/\/www.inoxtorres.com\/es\/wp-json\/wp\/v2\/pages"}],"about":[{"href":"https:\/\/www.inoxtorres.com\/es\/wp-json\/wp\/v2\/types\/page"}],"author":[{"embeddable":true,"href":"https:\/\/www.inoxtorres.com\/es\/wp-json\/wp\/v2\/users\/1"}],"replies":[{"embeddable":true,"href":"https:\/\/www.inoxtorres.com\/es\/wp-json\/wp\/v2\/comments?post=3651"}],"version-history":[{"count":2,"href":"https:\/\/www.inoxtorres.com\/es\/wp-json\/wp\/v2\/pages\/3651\/revisions"}],"predecessor-version":[{"id":3655,"href":"https:\/\/www.inoxtorres.com\/es\/wp-json\/wp\/v2\/pages\/3651\/revisions\/3655"}],"wp:attachment":[{"href":"https:\/\/www.inoxtorres.com\/es\/wp-json\/wp\/v2\/media?parent=3651"}],"curies":[{"name":"wp","href":"https:\/\/api.w.org\/{rel}","templated":true}]}}