{"id":2682,"date":"2025-06-10T09:56:42","date_gmt":"2025-06-10T07:56:42","guid":{"rendered":"https:\/\/devmarketersgroup.es\/inoxtorres\/ensayos-no-destructivos-y-otros-ensayos\/"},"modified":"2026-03-18T11:07:38","modified_gmt":"2026-03-18T10:07:38","slug":"ensayos-no-destructivos-y-otros-ensayos","status":"publish","type":"page","link":"https:\/\/www.inoxtorres.com\/es\/ensayos-no-destructivos-y-otros-ensayos\/","title":{"rendered":"Ensayos no destructivos y otros ensayos"},"content":{"rendered":"\t\t<div data-elementor-type=\"wp-page\" data-elementor-id=\"2682\" class=\"elementor elementor-2682 elementor-635\" data-elementor-post-type=\"page\">\n\t\t\t\t<div class=\"elementor-element elementor-element-505aa8c e-con-full e-flex e-con e-parent\" data-id=\"505aa8c\" data-element_type=\"container\" data-settings=\"{&quot;background_background&quot;:&quot;classic&quot;}\">\n\t\t\t\t<div class=\"elementor-element elementor-element-c3f0388 elementor-widget elementor-widget-heading\" data-id=\"c3f0388\" data-element_type=\"widget\" data-widget_type=\"heading.default\">\n\t\t\t\t<div class=\"elementor-widget-container\">\n\t\t\t\t\t<h1 class=\"elementor-heading-title elementor-size-default\">Ensayos no destructivos y otros ensayos<\/h1>\t\t\t\t<\/div>\n\t\t\t\t<\/div>\n\t\t\t\t<\/div>\n\t\t<div class=\"elementor-element elementor-element-eed5788 e-con-full e-flex e-con e-parent\" data-id=\"eed5788\" data-element_type=\"container\">\n\t\t<div class=\"elementor-element elementor-element-3e548b7 e-con-full e-flex e-con e-child\" data-id=\"3e548b7\" data-element_type=\"container\">\n\t\t\t\t<div class=\"elementor-element elementor-element-8f901b9 elementor-widget elementor-widget-heading\" data-id=\"8f901b9\" data-element_type=\"widget\" data-settings=\"{&quot;motion_fx_motion_fx_scrolling&quot;:&quot;yes&quot;,&quot;motion_fx_opacity_effect&quot;:&quot;yes&quot;,&quot;motion_fx_opacity_range&quot;:{&quot;unit&quot;:&quot;%&quot;,&quot;size&quot;:&quot;&quot;,&quot;sizes&quot;:{&quot;start&quot;:20,&quot;end&quot;:55}},&quot;motion_fx_opacity_direction&quot;:&quot;out-in&quot;,&quot;motion_fx_opacity_level&quot;:{&quot;unit&quot;:&quot;px&quot;,&quot;size&quot;:10,&quot;sizes&quot;:[]},&quot;motion_fx_devices&quot;:[&quot;desktop&quot;,&quot;tablet&quot;,&quot;mobile&quot;]}\" data-widget_type=\"heading.default\">\n\t\t\t\t<div class=\"elementor-widget-container\">\n\t\t\t\t\t<p class=\"elementor-heading-title elementor-size-default\">Nuestras capacidades de inspecci\u00f3n y pruebas no destructivas (NDT) garantizan la integridad y confiabilidad de cada componente que fabricamos. <span class=\"blue\">Todas las pruebas son realizadas por personal cualificado y certificado que utiliza equipos avanzados, en pleno cumplimiento de los c\u00f3digos y est\u00e1ndares internacionales. <\/span>Esto garantiza la m\u00e1xima calidad y trazabilidad en cada etapa de la fabricaci\u00f3n.<\/p>\t\t\t\t<\/div>\n\t\t\t\t<\/div>\n\t\t\t\t<\/div>\n\t\t\t\t<\/div>\n\t\t<div class=\"elementor-element elementor-element-ccd0ea2 e-con-full e-flex e-con e-parent\" data-id=\"ccd0ea2\" data-element_type=\"container\">\n\t\t<div class=\"elementor-element elementor-element-920e842 e-con-full e-flex e-con e-child\" data-id=\"920e842\" data-element_type=\"container\">\n\t\t\t\t<\/div>\n\t\t<div class=\"elementor-element elementor-element-d8a2be2 e-con-full e-flex e-con e-child\" data-id=\"d8a2be2\" data-element_type=\"container\">\n\t\t\t\t<div class=\"elementor-element elementor-element-9c39d89 elementor-widget elementor-widget-text-editor\" data-id=\"9c39d89\" data-element_type=\"widget\" data-widget_type=\"text-editor.default\">\n\t\t\t\t<div class=\"elementor-widget-container\">\n\t\t\t\t\t\t\t\t\t<p>Examen Radiogr\u00e1fico (gamma, rayos X)<br>Examen por Ultrasonidos &#8211; Convencionales (Pulse-Echo)<br>Phased Array Ultrasonic Testing (PAUT)<br>Time of Flight Diffraction (TOFD)<br>Examen por L\u00edquidos Penetrantes<br>Examen por Part\u00edculas Magn\u00e9ticas<br>Examen Radiogr\u00e1fico de uniones de tubos a placa tubular<br>Ensayo de durezas<br>Ensayos de ferrita<br>Pruebas de fugas de helio, m\u00e9todo sniffer<br>Pruebas de fugas de helio, m\u00e9todo con vac\u00edo<br>Prueba de fugas (bubble test \/ air soap test)<br>Mediciones de espesores<br>Eddy current testing<br>Prueba neum\u00e1tica<br>Prueba hidrost\u00e1tica<br>Ensayos de Ciclo de gas caliente<br>R\u00e9plicas de examen metalogr\u00e1fico<br>Identificaci\u00f3n positiva de materiales (PMI): fluorescencia de rayos X (XRF) y espectroscopia de emisi\u00f3n \u00f3ptica (OES)<br>Inspecciones de revestimientos y tratamientos superficiales<\/p>\t\t\t\t\t\t\t\t<\/div>\n\t\t\t\t<\/div>\n\t\t\t\t<\/div>\n\t\t\t\t<\/div>\n\t\t\t\t<\/div>\n\t\t","protected":false},"excerpt":{"rendered":"<p>Ensayos no destructivos y otros ensayos Nuestras capacidades de inspecci\u00f3n y pruebas no destructivas (NDT) garantizan la integridad y confiabilidad de cada componente que fabricamos. Todas las pruebas son realizadas por personal cualificado y certificado que utiliza equipos avanzados, en pleno cumplimiento de los c\u00f3digos y est\u00e1ndares internacionales. Esto garantiza la m\u00e1xima calidad y trazabilidad [&hellip;]<\/p>\n","protected":false},"author":1,"featured_media":0,"parent":0,"menu_order":0,"comment_status":"closed","ping_status":"closed","template":"","meta":{"_acf_changed":false,"footnotes":""},"class_list":["post-2682","page","type-page","status-publish","hentry"],"acf":[],"yoast_head":"<!-- This site is optimized with the Yoast SEO plugin v26.6 - https:\/\/yoast.com\/wordpress\/plugins\/seo\/ -->\n<title>Ensayos no destructivos y otros ensayos - InoxTorres<\/title>\n<meta name=\"robots\" content=\"index, follow, max-snippet:-1, max-image-preview:large, max-video-preview:-1\" \/>\n<link rel=\"canonical\" href=\"https:\/\/www.inoxtorres.com\/es\/ensayos-no-destructivos-y-otros-ensayos\/\" \/>\n<meta property=\"og:locale\" content=\"es_ES\" \/>\n<meta property=\"og:type\" content=\"article\" \/>\n<meta property=\"og:title\" content=\"Ensayos no destructivos y otros ensayos - InoxTorres\" \/>\n<meta property=\"og:description\" content=\"Ensayos no destructivos y otros ensayos Nuestras capacidades de inspecci\u00f3n y pruebas no destructivas (NDT) garantizan la integridad y confiabilidad de cada componente que fabricamos. Todas las pruebas son realizadas por personal cualificado y certificado que utiliza equipos avanzados, en pleno cumplimiento de los c\u00f3digos y est\u00e1ndares internacionales. Esto garantiza la m\u00e1xima calidad y trazabilidad [&hellip;]\" \/>\n<meta property=\"og:url\" content=\"https:\/\/www.inoxtorres.com\/es\/ensayos-no-destructivos-y-otros-ensayos\/\" \/>\n<meta property=\"og:site_name\" content=\"InoxTorres\" \/>\n<meta property=\"article:modified_time\" content=\"2026-03-18T10:07:38+00:00\" \/>\n<meta name=\"twitter:card\" content=\"summary_large_image\" \/>\n<meta name=\"twitter:label1\" content=\"Tiempo de lectura\" \/>\n\t<meta name=\"twitter:data1\" content=\"1 minuto\" \/>\n<script type=\"application\/ld+json\" class=\"yoast-schema-graph\">{\"@context\":\"https:\/\/schema.org\",\"@graph\":[{\"@type\":\"WebPage\",\"@id\":\"https:\/\/www.inoxtorres.com\/es\/ensayos-no-destructivos-y-otros-ensayos\/\",\"url\":\"https:\/\/www.inoxtorres.com\/es\/ensayos-no-destructivos-y-otros-ensayos\/\",\"name\":\"Ensayos no destructivos y otros ensayos - InoxTorres\",\"isPartOf\":{\"@id\":\"https:\/\/www.inoxtorres.com\/es\/#website\"},\"datePublished\":\"2025-06-10T07:56:42+00:00\",\"dateModified\":\"2026-03-18T10:07:38+00:00\",\"breadcrumb\":{\"@id\":\"https:\/\/www.inoxtorres.com\/es\/ensayos-no-destructivos-y-otros-ensayos\/#breadcrumb\"},\"inLanguage\":\"es\",\"potentialAction\":[{\"@type\":\"ReadAction\",\"target\":[\"https:\/\/www.inoxtorres.com\/es\/ensayos-no-destructivos-y-otros-ensayos\/\"]}]},{\"@type\":\"BreadcrumbList\",\"@id\":\"https:\/\/www.inoxtorres.com\/es\/ensayos-no-destructivos-y-otros-ensayos\/#breadcrumb\",\"itemListElement\":[{\"@type\":\"ListItem\",\"position\":1,\"name\":\"Portada\",\"item\":\"https:\/\/www.inoxtorres.com\/es\/hogar\/\"},{\"@type\":\"ListItem\",\"position\":2,\"name\":\"Ensayos no destructivos y otros ensayos\"}]},{\"@type\":\"WebSite\",\"@id\":\"https:\/\/www.inoxtorres.com\/es\/#website\",\"url\":\"https:\/\/www.inoxtorres.com\/es\/\",\"name\":\"InoxTorres\",\"description\":\"\",\"publisher\":{\"@id\":\"https:\/\/www.inoxtorres.com\/es\/#organization\"},\"potentialAction\":[{\"@type\":\"SearchAction\",\"target\":{\"@type\":\"EntryPoint\",\"urlTemplate\":\"https:\/\/www.inoxtorres.com\/es\/?s={search_term_string}\"},\"query-input\":{\"@type\":\"PropertyValueSpecification\",\"valueRequired\":true,\"valueName\":\"search_term_string\"}}],\"inLanguage\":\"es\"},{\"@type\":\"Organization\",\"@id\":\"https:\/\/www.inoxtorres.com\/es\/#organization\",\"name\":\"InoxTorres\",\"url\":\"https:\/\/www.inoxtorres.com\/es\/\",\"logo\":{\"@type\":\"ImageObject\",\"inLanguage\":\"es\",\"@id\":\"https:\/\/www.inoxtorres.com\/es\/#\/schema\/logo\/image\/\",\"url\":\"https:\/\/www.inoxtorres.com\/wp-content\/uploads\/2025\/05\/Light-3.svg\",\"contentUrl\":\"https:\/\/www.inoxtorres.com\/wp-content\/uploads\/2025\/05\/Light-3.svg\",\"width\":246,\"height\":55,\"caption\":\"InoxTorres\"},\"image\":{\"@id\":\"https:\/\/www.inoxtorres.com\/es\/#\/schema\/logo\/image\/\"}}]}<\/script>\n<!-- \/ Yoast SEO plugin. -->","yoast_head_json":{"title":"Ensayos no destructivos y otros ensayos - InoxTorres","robots":{"index":"index","follow":"follow","max-snippet":"max-snippet:-1","max-image-preview":"max-image-preview:large","max-video-preview":"max-video-preview:-1"},"canonical":"https:\/\/www.inoxtorres.com\/es\/ensayos-no-destructivos-y-otros-ensayos\/","og_locale":"es_ES","og_type":"article","og_title":"Ensayos no destructivos y otros ensayos - InoxTorres","og_description":"Ensayos no destructivos y otros ensayos Nuestras capacidades de inspecci\u00f3n y pruebas no destructivas (NDT) garantizan la integridad y confiabilidad de cada componente que fabricamos. Todas las pruebas son realizadas por personal cualificado y certificado que utiliza equipos avanzados, en pleno cumplimiento de los c\u00f3digos y est\u00e1ndares internacionales. Esto garantiza la m\u00e1xima calidad y trazabilidad [&hellip;]","og_url":"https:\/\/www.inoxtorres.com\/es\/ensayos-no-destructivos-y-otros-ensayos\/","og_site_name":"InoxTorres","article_modified_time":"2026-03-18T10:07:38+00:00","twitter_card":"summary_large_image","twitter_misc":{"Tiempo de lectura":"1 minuto"},"schema":{"@context":"https:\/\/schema.org","@graph":[{"@type":"WebPage","@id":"https:\/\/www.inoxtorres.com\/es\/ensayos-no-destructivos-y-otros-ensayos\/","url":"https:\/\/www.inoxtorres.com\/es\/ensayos-no-destructivos-y-otros-ensayos\/","name":"Ensayos no destructivos y otros ensayos - InoxTorres","isPartOf":{"@id":"https:\/\/www.inoxtorres.com\/es\/#website"},"datePublished":"2025-06-10T07:56:42+00:00","dateModified":"2026-03-18T10:07:38+00:00","breadcrumb":{"@id":"https:\/\/www.inoxtorres.com\/es\/ensayos-no-destructivos-y-otros-ensayos\/#breadcrumb"},"inLanguage":"es","potentialAction":[{"@type":"ReadAction","target":["https:\/\/www.inoxtorres.com\/es\/ensayos-no-destructivos-y-otros-ensayos\/"]}]},{"@type":"BreadcrumbList","@id":"https:\/\/www.inoxtorres.com\/es\/ensayos-no-destructivos-y-otros-ensayos\/#breadcrumb","itemListElement":[{"@type":"ListItem","position":1,"name":"Portada","item":"https:\/\/www.inoxtorres.com\/es\/hogar\/"},{"@type":"ListItem","position":2,"name":"Ensayos no destructivos y otros ensayos"}]},{"@type":"WebSite","@id":"https:\/\/www.inoxtorres.com\/es\/#website","url":"https:\/\/www.inoxtorres.com\/es\/","name":"InoxTorres","description":"","publisher":{"@id":"https:\/\/www.inoxtorres.com\/es\/#organization"},"potentialAction":[{"@type":"SearchAction","target":{"@type":"EntryPoint","urlTemplate":"https:\/\/www.inoxtorres.com\/es\/?s={search_term_string}"},"query-input":{"@type":"PropertyValueSpecification","valueRequired":true,"valueName":"search_term_string"}}],"inLanguage":"es"},{"@type":"Organization","@id":"https:\/\/www.inoxtorres.com\/es\/#organization","name":"InoxTorres","url":"https:\/\/www.inoxtorres.com\/es\/","logo":{"@type":"ImageObject","inLanguage":"es","@id":"https:\/\/www.inoxtorres.com\/es\/#\/schema\/logo\/image\/","url":"https:\/\/www.inoxtorres.com\/wp-content\/uploads\/2025\/05\/Light-3.svg","contentUrl":"https:\/\/www.inoxtorres.com\/wp-content\/uploads\/2025\/05\/Light-3.svg","width":246,"height":55,"caption":"InoxTorres"},"image":{"@id":"https:\/\/www.inoxtorres.com\/es\/#\/schema\/logo\/image\/"}}]}},"_links":{"self":[{"href":"https:\/\/www.inoxtorres.com\/es\/wp-json\/wp\/v2\/pages\/2682","targetHints":{"allow":["GET"]}}],"collection":[{"href":"https:\/\/www.inoxtorres.com\/es\/wp-json\/wp\/v2\/pages"}],"about":[{"href":"https:\/\/www.inoxtorres.com\/es\/wp-json\/wp\/v2\/types\/page"}],"author":[{"embeddable":true,"href":"https:\/\/www.inoxtorres.com\/es\/wp-json\/wp\/v2\/users\/1"}],"replies":[{"embeddable":true,"href":"https:\/\/www.inoxtorres.com\/es\/wp-json\/wp\/v2\/comments?post=2682"}],"version-history":[{"count":9,"href":"https:\/\/www.inoxtorres.com\/es\/wp-json\/wp\/v2\/pages\/2682\/revisions"}],"predecessor-version":[{"id":3714,"href":"https:\/\/www.inoxtorres.com\/es\/wp-json\/wp\/v2\/pages\/2682\/revisions\/3714"}],"wp:attachment":[{"href":"https:\/\/www.inoxtorres.com\/es\/wp-json\/wp\/v2\/media?parent=2682"}],"curies":[{"name":"wp","href":"https:\/\/api.w.org\/{rel}","templated":true}]}}