{"id":2656,"date":"2025-06-10T09:52:20","date_gmt":"2025-06-10T07:52:20","guid":{"rendered":"https:\/\/devmarketersgroup.es\/inoxtorres\/equipo-de-control-de-calidad\/"},"modified":"2026-03-18T11:06:14","modified_gmt":"2026-03-18T10:06:14","slug":"equipo-de-control-de-calidad","status":"publish","type":"page","link":"https:\/\/www.inoxtorres.com\/es\/equipo-de-control-de-calidad\/","title":{"rendered":"Equipo de control de calidad"},"content":{"rendered":"\t\t<div data-elementor-type=\"wp-page\" data-elementor-id=\"2656\" class=\"elementor elementor-2656 elementor-627\" data-elementor-post-type=\"page\">\n\t\t\t\t<div class=\"elementor-element elementor-element-1decf14 e-con-full e-flex e-con e-parent\" data-id=\"1decf14\" data-element_type=\"container\" data-settings=\"{&quot;background_background&quot;:&quot;classic&quot;}\">\n\t\t\t\t<div class=\"elementor-element elementor-element-e1f7192 elementor-widget elementor-widget-heading\" data-id=\"e1f7192\" data-element_type=\"widget\" data-widget_type=\"heading.default\">\n\t\t\t\t<div class=\"elementor-widget-container\">\n\t\t\t\t\t<h1 class=\"elementor-heading-title elementor-size-default\">Equipo de control de calidad<\/h1>\t\t\t\t<\/div>\n\t\t\t\t<\/div>\n\t\t\t\t<\/div>\n\t\t<div class=\"elementor-element elementor-element-da616c0 e-con-full e-flex e-con e-parent\" data-id=\"da616c0\" data-element_type=\"container\">\n\t\t<div class=\"elementor-element elementor-element-c58c8bc e-con-full e-flex e-con e-child\" data-id=\"c58c8bc\" data-element_type=\"container\">\n\t\t\t\t<div class=\"elementor-element elementor-element-e8ac84f elementor-widget elementor-widget-heading\" data-id=\"e8ac84f\" data-element_type=\"widget\" data-settings=\"{&quot;motion_fx_motion_fx_scrolling&quot;:&quot;yes&quot;,&quot;motion_fx_opacity_effect&quot;:&quot;yes&quot;,&quot;motion_fx_opacity_range&quot;:{&quot;unit&quot;:&quot;%&quot;,&quot;size&quot;:&quot;&quot;,&quot;sizes&quot;:{&quot;start&quot;:20,&quot;end&quot;:55}},&quot;motion_fx_opacity_direction&quot;:&quot;out-in&quot;,&quot;motion_fx_opacity_level&quot;:{&quot;unit&quot;:&quot;px&quot;,&quot;size&quot;:10,&quot;sizes&quot;:[]},&quot;motion_fx_devices&quot;:[&quot;desktop&quot;,&quot;tablet&quot;,&quot;mobile&quot;]}\" data-widget_type=\"heading.default\">\n\t\t\t\t<div class=\"elementor-widget-container\">\n\t\t\t\t\t<p class=\"elementor-heading-title elementor-size-default\">Nuestro departamento de control de calidad est\u00e1 formado por un <span class=\"blue\">equipo altamente calificado de inspectores y profesionales certificados que garantizan el pleno cumplimiento de las normas internacionales de fabricaci\u00f3n e inspecci\u00f3n.<\/span> Su experiencia garantiza la confiabilidad, seguridad y rendimiento \u00f3ptimo de cada equipo que fabricamos.<\/p>\t\t\t\t<\/div>\n\t\t\t\t<\/div>\n\t\t\t\t<\/div>\n\t\t\t\t<\/div>\n\t\t<div class=\"elementor-element elementor-element-d2a78bb e-con-full e-flex e-con e-parent\" data-id=\"d2a78bb\" data-element_type=\"container\">\n\t\t<div class=\"elementor-element elementor-element-be0c547 e-con-full e-flex e-con e-child\" data-id=\"be0c547\" data-element_type=\"container\">\n\t\t\t\t<\/div>\n\t\t<div class=\"elementor-element elementor-element-09ee19d e-con-full e-flex e-con e-child\" data-id=\"09ee19d\" data-element_type=\"container\">\n\t\t\t\t<div class=\"elementor-element elementor-element-0f4530b buttonlike elementor-widget elementor-widget-heading\" data-id=\"0f4530b\" data-element_type=\"widget\" data-widget_type=\"heading.default\">\n\t\t\t\t<div class=\"elementor-widget-container\">\n\t\t\t\t\t<span class=\"elementor-heading-title elementor-size-default\">Inspectores<\/span>\t\t\t\t<\/div>\n\t\t\t\t<\/div>\n\t\t\t\t<div class=\"elementor-element elementor-element-f76f36b elementor-widget elementor-widget-text-editor\" data-id=\"f76f36b\" data-element_type=\"widget\" data-widget_type=\"text-editor.default\">\n\t\t\t\t<div class=\"elementor-widget-container\">\n\t\t\t\t\t\t\t\t\t<p><strong>IWE:<\/strong> 2 Ingenieros de soldadura internacionales<\/p><p><strong>IWS<\/strong>: 1 especialista internacional en soldadura<\/p><p><strong>CWI:<\/strong> 1 inspector de soldadura certificado por la Sociedad Estadounidense de Soldadura<\/p><p><strong>VT:<\/strong> 2 VT nivel 2 seg\u00fan EN-9712<\/p><p><strong>VT:<\/strong> 1 VT nivel 2 seg\u00fan ASNT<\/p><p><strong>PT:<\/strong> 1 PT nivel 2 seg\u00fan EN-972 y SNT-TC-1A<\/p><p><strong>PMI:<\/strong> 2 inspectores PMI (identificaci\u00f3n positiva de materiales) Niton<\/p>\t\t\t\t\t\t\t\t<\/div>\n\t\t\t\t<\/div>\n\t\t\t\t<\/div>\n\t\t\t\t<\/div>\n\t\t\t\t<\/div>\n\t\t","protected":false},"excerpt":{"rendered":"<p>Equipo de control de calidad Nuestro departamento de control de calidad est\u00e1 formado por un equipo altamente calificado de inspectores y profesionales certificados que garantizan el pleno cumplimiento de las normas internacionales de fabricaci\u00f3n e inspecci\u00f3n. Su experiencia garantiza la confiabilidad, seguridad y rendimiento \u00f3ptimo de cada equipo que fabricamos. Inspectores IWE: 2 Ingenieros de [&hellip;]<\/p>\n","protected":false},"author":1,"featured_media":0,"parent":0,"menu_order":0,"comment_status":"closed","ping_status":"closed","template":"","meta":{"_acf_changed":false,"footnotes":""},"class_list":["post-2656","page","type-page","status-publish","hentry"],"acf":[],"yoast_head":"<!-- This site is optimized with the Yoast SEO plugin v26.6 - https:\/\/yoast.com\/wordpress\/plugins\/seo\/ -->\n<title>Equipo de control de calidad - InoxTorres<\/title>\n<meta name=\"robots\" content=\"index, follow, max-snippet:-1, max-image-preview:large, max-video-preview:-1\" \/>\n<link rel=\"canonical\" href=\"https:\/\/www.inoxtorres.com\/es\/equipo-de-control-de-calidad\/\" \/>\n<meta property=\"og:locale\" content=\"es_ES\" \/>\n<meta property=\"og:type\" content=\"article\" \/>\n<meta property=\"og:title\" content=\"Equipo de control de calidad - InoxTorres\" \/>\n<meta property=\"og:description\" content=\"Equipo de control de calidad Nuestro departamento de control de calidad est\u00e1 formado por un equipo altamente calificado de inspectores y profesionales certificados que garantizan el pleno cumplimiento de las normas internacionales de fabricaci\u00f3n e inspecci\u00f3n. Su experiencia garantiza la confiabilidad, seguridad y rendimiento \u00f3ptimo de cada equipo que fabricamos. Inspectores IWE: 2 Ingenieros de [&hellip;]\" \/>\n<meta property=\"og:url\" content=\"https:\/\/www.inoxtorres.com\/es\/equipo-de-control-de-calidad\/\" \/>\n<meta property=\"og:site_name\" content=\"InoxTorres\" \/>\n<meta property=\"article:modified_time\" content=\"2026-03-18T10:06:14+00:00\" \/>\n<meta name=\"twitter:card\" content=\"summary_large_image\" \/>\n<script type=\"application\/ld+json\" class=\"yoast-schema-graph\">{\"@context\":\"https:\/\/schema.org\",\"@graph\":[{\"@type\":\"WebPage\",\"@id\":\"https:\/\/www.inoxtorres.com\/es\/equipo-de-control-de-calidad\/\",\"url\":\"https:\/\/www.inoxtorres.com\/es\/equipo-de-control-de-calidad\/\",\"name\":\"Equipo de control de calidad - InoxTorres\",\"isPartOf\":{\"@id\":\"https:\/\/www.inoxtorres.com\/es\/#website\"},\"datePublished\":\"2025-06-10T07:52:20+00:00\",\"dateModified\":\"2026-03-18T10:06:14+00:00\",\"breadcrumb\":{\"@id\":\"https:\/\/www.inoxtorres.com\/es\/equipo-de-control-de-calidad\/#breadcrumb\"},\"inLanguage\":\"es\",\"potentialAction\":[{\"@type\":\"ReadAction\",\"target\":[\"https:\/\/www.inoxtorres.com\/es\/equipo-de-control-de-calidad\/\"]}]},{\"@type\":\"BreadcrumbList\",\"@id\":\"https:\/\/www.inoxtorres.com\/es\/equipo-de-control-de-calidad\/#breadcrumb\",\"itemListElement\":[{\"@type\":\"ListItem\",\"position\":1,\"name\":\"Portada\",\"item\":\"https:\/\/www.inoxtorres.com\/es\/hogar\/\"},{\"@type\":\"ListItem\",\"position\":2,\"name\":\"Equipo de control de calidad\"}]},{\"@type\":\"WebSite\",\"@id\":\"https:\/\/www.inoxtorres.com\/es\/#website\",\"url\":\"https:\/\/www.inoxtorres.com\/es\/\",\"name\":\"InoxTorres\",\"description\":\"\",\"publisher\":{\"@id\":\"https:\/\/www.inoxtorres.com\/es\/#organization\"},\"potentialAction\":[{\"@type\":\"SearchAction\",\"target\":{\"@type\":\"EntryPoint\",\"urlTemplate\":\"https:\/\/www.inoxtorres.com\/es\/?s={search_term_string}\"},\"query-input\":{\"@type\":\"PropertyValueSpecification\",\"valueRequired\":true,\"valueName\":\"search_term_string\"}}],\"inLanguage\":\"es\"},{\"@type\":\"Organization\",\"@id\":\"https:\/\/www.inoxtorres.com\/es\/#organization\",\"name\":\"InoxTorres\",\"url\":\"https:\/\/www.inoxtorres.com\/es\/\",\"logo\":{\"@type\":\"ImageObject\",\"inLanguage\":\"es\",\"@id\":\"https:\/\/www.inoxtorres.com\/es\/#\/schema\/logo\/image\/\",\"url\":\"https:\/\/www.inoxtorres.com\/wp-content\/uploads\/2025\/05\/Light-3.svg\",\"contentUrl\":\"https:\/\/www.inoxtorres.com\/wp-content\/uploads\/2025\/05\/Light-3.svg\",\"width\":246,\"height\":55,\"caption\":\"InoxTorres\"},\"image\":{\"@id\":\"https:\/\/www.inoxtorres.com\/es\/#\/schema\/logo\/image\/\"}}]}<\/script>\n<!-- \/ Yoast SEO plugin. -->","yoast_head_json":{"title":"Equipo de control de calidad - InoxTorres","robots":{"index":"index","follow":"follow","max-snippet":"max-snippet:-1","max-image-preview":"max-image-preview:large","max-video-preview":"max-video-preview:-1"},"canonical":"https:\/\/www.inoxtorres.com\/es\/equipo-de-control-de-calidad\/","og_locale":"es_ES","og_type":"article","og_title":"Equipo de control de calidad - InoxTorres","og_description":"Equipo de control de calidad Nuestro departamento de control de calidad est\u00e1 formado por un equipo altamente calificado de inspectores y profesionales certificados que garantizan el pleno cumplimiento de las normas internacionales de fabricaci\u00f3n e inspecci\u00f3n. Su experiencia garantiza la confiabilidad, seguridad y rendimiento \u00f3ptimo de cada equipo que fabricamos. Inspectores IWE: 2 Ingenieros de [&hellip;]","og_url":"https:\/\/www.inoxtorres.com\/es\/equipo-de-control-de-calidad\/","og_site_name":"InoxTorres","article_modified_time":"2026-03-18T10:06:14+00:00","twitter_card":"summary_large_image","schema":{"@context":"https:\/\/schema.org","@graph":[{"@type":"WebPage","@id":"https:\/\/www.inoxtorres.com\/es\/equipo-de-control-de-calidad\/","url":"https:\/\/www.inoxtorres.com\/es\/equipo-de-control-de-calidad\/","name":"Equipo de control de calidad - InoxTorres","isPartOf":{"@id":"https:\/\/www.inoxtorres.com\/es\/#website"},"datePublished":"2025-06-10T07:52:20+00:00","dateModified":"2026-03-18T10:06:14+00:00","breadcrumb":{"@id":"https:\/\/www.inoxtorres.com\/es\/equipo-de-control-de-calidad\/#breadcrumb"},"inLanguage":"es","potentialAction":[{"@type":"ReadAction","target":["https:\/\/www.inoxtorres.com\/es\/equipo-de-control-de-calidad\/"]}]},{"@type":"BreadcrumbList","@id":"https:\/\/www.inoxtorres.com\/es\/equipo-de-control-de-calidad\/#breadcrumb","itemListElement":[{"@type":"ListItem","position":1,"name":"Portada","item":"https:\/\/www.inoxtorres.com\/es\/hogar\/"},{"@type":"ListItem","position":2,"name":"Equipo de control de calidad"}]},{"@type":"WebSite","@id":"https:\/\/www.inoxtorres.com\/es\/#website","url":"https:\/\/www.inoxtorres.com\/es\/","name":"InoxTorres","description":"","publisher":{"@id":"https:\/\/www.inoxtorres.com\/es\/#organization"},"potentialAction":[{"@type":"SearchAction","target":{"@type":"EntryPoint","urlTemplate":"https:\/\/www.inoxtorres.com\/es\/?s={search_term_string}"},"query-input":{"@type":"PropertyValueSpecification","valueRequired":true,"valueName":"search_term_string"}}],"inLanguage":"es"},{"@type":"Organization","@id":"https:\/\/www.inoxtorres.com\/es\/#organization","name":"InoxTorres","url":"https:\/\/www.inoxtorres.com\/es\/","logo":{"@type":"ImageObject","inLanguage":"es","@id":"https:\/\/www.inoxtorres.com\/es\/#\/schema\/logo\/image\/","url":"https:\/\/www.inoxtorres.com\/wp-content\/uploads\/2025\/05\/Light-3.svg","contentUrl":"https:\/\/www.inoxtorres.com\/wp-content\/uploads\/2025\/05\/Light-3.svg","width":246,"height":55,"caption":"InoxTorres"},"image":{"@id":"https:\/\/www.inoxtorres.com\/es\/#\/schema\/logo\/image\/"}}]}},"_links":{"self":[{"href":"https:\/\/www.inoxtorres.com\/es\/wp-json\/wp\/v2\/pages\/2656","targetHints":{"allow":["GET"]}}],"collection":[{"href":"https:\/\/www.inoxtorres.com\/es\/wp-json\/wp\/v2\/pages"}],"about":[{"href":"https:\/\/www.inoxtorres.com\/es\/wp-json\/wp\/v2\/types\/page"}],"author":[{"embeddable":true,"href":"https:\/\/www.inoxtorres.com\/es\/wp-json\/wp\/v2\/users\/1"}],"replies":[{"embeddable":true,"href":"https:\/\/www.inoxtorres.com\/es\/wp-json\/wp\/v2\/comments?post=2656"}],"version-history":[{"count":7,"href":"https:\/\/www.inoxtorres.com\/es\/wp-json\/wp\/v2\/pages\/2656\/revisions"}],"predecessor-version":[{"id":3704,"href":"https:\/\/www.inoxtorres.com\/es\/wp-json\/wp\/v2\/pages\/2656\/revisions\/3704"}],"wp:attachment":[{"href":"https:\/\/www.inoxtorres.com\/es\/wp-json\/wp\/v2\/media?parent=2656"}],"curies":[{"name":"wp","href":"https:\/\/api.w.org\/{rel}","templated":true}]}}