{"id":2351,"date":"2025-05-15T13:43:24","date_gmt":"2025-05-15T11:43:24","guid":{"rendered":"https:\/\/devmarketersgroup.es\/inoxtorres\/calidad\/"},"modified":"2026-03-18T11:04:04","modified_gmt":"2026-03-18T10:04:04","slug":"calidad","status":"publish","type":"page","link":"https:\/\/www.inoxtorres.com\/es\/calidad\/","title":{"rendered":"Calidad"},"content":{"rendered":"\t\t<div data-elementor-type=\"wp-page\" data-elementor-id=\"2351\" class=\"elementor elementor-2351 elementor-287\" data-elementor-post-type=\"page\">\n\t\t\t\t<div class=\"elementor-element elementor-element-357be06 e-con-full e-flex e-con e-parent\" data-id=\"357be06\" data-element_type=\"container\" data-settings=\"{&quot;background_background&quot;:&quot;classic&quot;}\">\n\t\t\t\t<div class=\"elementor-element elementor-element-baf0067 elementor-widget elementor-widget-heading\" data-id=\"baf0067\" data-element_type=\"widget\" data-widget_type=\"heading.default\">\n\t\t\t\t<div class=\"elementor-widget-container\">\n\t\t\t\t\t<h1 class=\"elementor-heading-title elementor-size-default\">Calidad<\/h1>\t\t\t\t<\/div>\n\t\t\t\t<\/div>\n\t\t\t\t<\/div>\n\t\t<div class=\"elementor-element elementor-element-9f2d75a e-con-full e-flex e-con e-parent\" data-id=\"9f2d75a\" data-element_type=\"container\">\n\t\t<div class=\"elementor-element elementor-element-14d872c e-con-full e-flex e-con e-child\" data-id=\"14d872c\" data-element_type=\"container\">\n\t\t\t\t<div class=\"elementor-element elementor-element-358eddd elementor-widget elementor-widget-heading\" data-id=\"358eddd\" data-element_type=\"widget\" data-settings=\"{&quot;motion_fx_motion_fx_scrolling&quot;:&quot;yes&quot;,&quot;motion_fx_opacity_effect&quot;:&quot;yes&quot;,&quot;motion_fx_opacity_range&quot;:{&quot;unit&quot;:&quot;%&quot;,&quot;size&quot;:&quot;&quot;,&quot;sizes&quot;:{&quot;start&quot;:20,&quot;end&quot;:55}},&quot;motion_fx_opacity_direction&quot;:&quot;out-in&quot;,&quot;motion_fx_opacity_level&quot;:{&quot;unit&quot;:&quot;px&quot;,&quot;size&quot;:10,&quot;sizes&quot;:[]},&quot;motion_fx_devices&quot;:[&quot;desktop&quot;,&quot;tablet&quot;,&quot;mobile&quot;]}\" data-widget_type=\"heading.default\">\n\t\t\t\t<div class=\"elementor-widget-container\">\n\t\t\t\t\t<p class=\"elementor-heading-title elementor-size-default\">Hemos establecido el est\u00e1ndar en certificaci\u00f3n industrial, ayudando a las empresas a navegar por entornos regulatorios complejos.  <span class=\"blue\">\nNuestro compromiso con la calidad garantiza que los equipos y procesos cumplan con los estrictos requisitos de la industria. <\/span>A trav\u00e9s de una evaluaci\u00f3n meticulosa y m\u00e9todos de prueba de \u00faltima generaci\u00f3n, brindamos la experiencia necesaria para obtener certificaciones que impulsen la seguridad, la eficiencia y el \u00e9xito a largo plazo<\/p>\t\t\t\t<\/div>\n\t\t\t\t<\/div>\n\t\t\t\t<\/div>\n\t\t\t\t<\/div>\n\t\t<div class=\"elementor-element elementor-element-80512fb e-grid e-con-boxed e-con e-parent\" data-id=\"80512fb\" data-element_type=\"container\">\n\t\t\t\t\t<div class=\"e-con-inner\">\n\t\t<a class=\"elementor-element elementor-element-43455ce e-con-full e-flex e-con e-child\" data-id=\"43455ce\" data-element_type=\"container\" href=\"https:\/\/www.inoxtorres.com\/certifications-and-approvals\/\">\n\t\t\t\t<div class=\"elementor-element elementor-element-c19c413 elementor-widget elementor-widget-heading\" data-id=\"c19c413\" data-element_type=\"widget\" data-widget_type=\"heading.default\">\n\t\t\t\t<div class=\"elementor-widget-container\">\n\t\t\t\t\t<p class=\"elementor-heading-title elementor-size-default\">Certificaciones y homologaciones<\/p>\t\t\t\t<\/div>\n\t\t\t\t<\/div>\n\t\t\t\t<\/a>\n\t\t<a class=\"elementor-element elementor-element-14d1b75 e-con-full e-flex e-con e-child\" data-id=\"14d1b75\" data-element_type=\"container\" href=\"https:\/\/www.inoxtorres.com\/quality-control-team\/\">\n\t\t\t\t<div class=\"elementor-element elementor-element-5370e78 elementor-widget elementor-widget-heading\" data-id=\"5370e78\" data-element_type=\"widget\" data-widget_type=\"heading.default\">\n\t\t\t\t<div class=\"elementor-widget-container\">\n\t\t\t\t\t<p class=\"elementor-heading-title elementor-size-default\">Equipo de control de calidad<\/p>\t\t\t\t<\/div>\n\t\t\t\t<\/div>\n\t\t\t\t<\/a>\n\t\t<a class=\"elementor-element elementor-element-5d48a19 e-con-full e-flex e-con e-child\" data-id=\"5d48a19\" data-element_type=\"container\" href=\"https:\/\/www.inoxtorres.com\/welding\/\">\n\t\t\t\t<div class=\"elementor-element elementor-element-5de09c4 elementor-widget elementor-widget-heading\" data-id=\"5de09c4\" data-element_type=\"widget\" data-widget_type=\"heading.default\">\n\t\t\t\t<div class=\"elementor-widget-container\">\n\t\t\t\t\t<p class=\"elementor-heading-title elementor-size-default\">Soldadura<\/p>\t\t\t\t<\/div>\n\t\t\t\t<\/div>\n\t\t\t\t<\/a>\n\t\t<a class=\"elementor-element elementor-element-bd7b45c e-con-full e-flex e-con e-child\" data-id=\"bd7b45c\" data-element_type=\"container\" href=\"https:\/\/www.inoxtorres.com\/non-destructive-testing-and-other-tests\/\">\n\t\t\t\t<div class=\"elementor-element elementor-element-30c011e elementor-widget elementor-widget-heading\" data-id=\"30c011e\" data-element_type=\"widget\" data-widget_type=\"heading.default\">\n\t\t\t\t<div class=\"elementor-widget-container\">\n\t\t\t\t\t<p class=\"elementor-heading-title elementor-size-default\">Ensayos no destructivos y otros ensayos<\/p>\t\t\t\t<\/div>\n\t\t\t\t<\/div>\n\t\t\t\t<\/a>\n\t\t\t\t\t<\/div>\n\t\t\t\t<\/div>\n\t\t\t\t<\/div>\n\t\t","protected":false},"excerpt":{"rendered":"<p>Calidad Hemos establecido el est\u00e1ndar en certificaci\u00f3n industrial, ayudando a las empresas a navegar por entornos regulatorios complejos. Nuestro compromiso con la calidad garantiza que los equipos y procesos cumplan con los estrictos requisitos de la industria. A trav\u00e9s de una evaluaci\u00f3n meticulosa y m\u00e9todos de prueba de \u00faltima generaci\u00f3n, brindamos la experiencia necesaria para [&hellip;]<\/p>\n","protected":false},"author":1,"featured_media":0,"parent":0,"menu_order":0,"comment_status":"closed","ping_status":"closed","template":"","meta":{"_acf_changed":false,"footnotes":""},"class_list":["post-2351","page","type-page","status-publish","hentry"],"acf":[],"yoast_head":"<!-- This site is optimized with the Yoast SEO plugin v26.6 - https:\/\/yoast.com\/wordpress\/plugins\/seo\/ -->\n<title>Calidad - InoxTorres<\/title>\n<meta name=\"robots\" content=\"index, follow, max-snippet:-1, max-image-preview:large, max-video-preview:-1\" \/>\n<link rel=\"canonical\" href=\"https:\/\/www.inoxtorres.com\/es\/calidad\/\" \/>\n<meta property=\"og:locale\" content=\"es_ES\" \/>\n<meta property=\"og:type\" content=\"article\" \/>\n<meta property=\"og:title\" content=\"Calidad - InoxTorres\" \/>\n<meta property=\"og:description\" content=\"Calidad Hemos establecido el est\u00e1ndar en certificaci\u00f3n industrial, ayudando a las empresas a navegar por entornos regulatorios complejos. Nuestro compromiso con la calidad garantiza que los equipos y procesos cumplan con los estrictos requisitos de la industria. A trav\u00e9s de una evaluaci\u00f3n meticulosa y m\u00e9todos de prueba de \u00faltima generaci\u00f3n, brindamos la experiencia necesaria para [&hellip;]\" \/>\n<meta property=\"og:url\" content=\"https:\/\/www.inoxtorres.com\/es\/calidad\/\" \/>\n<meta property=\"og:site_name\" content=\"InoxTorres\" \/>\n<meta property=\"article:modified_time\" content=\"2026-03-18T10:04:04+00:00\" \/>\n<meta name=\"twitter:card\" content=\"summary_large_image\" \/>\n<script type=\"application\/ld+json\" class=\"yoast-schema-graph\">{\"@context\":\"https:\/\/schema.org\",\"@graph\":[{\"@type\":\"WebPage\",\"@id\":\"https:\/\/www.inoxtorres.com\/es\/calidad\/\",\"url\":\"https:\/\/www.inoxtorres.com\/es\/calidad\/\",\"name\":\"Calidad - InoxTorres\",\"isPartOf\":{\"@id\":\"https:\/\/www.inoxtorres.com\/es\/#website\"},\"datePublished\":\"2025-05-15T11:43:24+00:00\",\"dateModified\":\"2026-03-18T10:04:04+00:00\",\"breadcrumb\":{\"@id\":\"https:\/\/www.inoxtorres.com\/es\/calidad\/#breadcrumb\"},\"inLanguage\":\"es\",\"potentialAction\":[{\"@type\":\"ReadAction\",\"target\":[\"https:\/\/www.inoxtorres.com\/es\/calidad\/\"]}]},{\"@type\":\"BreadcrumbList\",\"@id\":\"https:\/\/www.inoxtorres.com\/es\/calidad\/#breadcrumb\",\"itemListElement\":[{\"@type\":\"ListItem\",\"position\":1,\"name\":\"Portada\",\"item\":\"https:\/\/www.inoxtorres.com\/es\/hogar\/\"},{\"@type\":\"ListItem\",\"position\":2,\"name\":\"Calidad\"}]},{\"@type\":\"WebSite\",\"@id\":\"https:\/\/www.inoxtorres.com\/es\/#website\",\"url\":\"https:\/\/www.inoxtorres.com\/es\/\",\"name\":\"InoxTorres\",\"description\":\"\",\"publisher\":{\"@id\":\"https:\/\/www.inoxtorres.com\/es\/#organization\"},\"potentialAction\":[{\"@type\":\"SearchAction\",\"target\":{\"@type\":\"EntryPoint\",\"urlTemplate\":\"https:\/\/www.inoxtorres.com\/es\/?s={search_term_string}\"},\"query-input\":{\"@type\":\"PropertyValueSpecification\",\"valueRequired\":true,\"valueName\":\"search_term_string\"}}],\"inLanguage\":\"es\"},{\"@type\":\"Organization\",\"@id\":\"https:\/\/www.inoxtorres.com\/es\/#organization\",\"name\":\"InoxTorres\",\"url\":\"https:\/\/www.inoxtorres.com\/es\/\",\"logo\":{\"@type\":\"ImageObject\",\"inLanguage\":\"es\",\"@id\":\"https:\/\/www.inoxtorres.com\/es\/#\/schema\/logo\/image\/\",\"url\":\"https:\/\/www.inoxtorres.com\/wp-content\/uploads\/2025\/05\/Light-3.svg\",\"contentUrl\":\"https:\/\/www.inoxtorres.com\/wp-content\/uploads\/2025\/05\/Light-3.svg\",\"width\":246,\"height\":55,\"caption\":\"InoxTorres\"},\"image\":{\"@id\":\"https:\/\/www.inoxtorres.com\/es\/#\/schema\/logo\/image\/\"}}]}<\/script>\n<!-- \/ Yoast SEO plugin. -->","yoast_head_json":{"title":"Calidad - InoxTorres","robots":{"index":"index","follow":"follow","max-snippet":"max-snippet:-1","max-image-preview":"max-image-preview:large","max-video-preview":"max-video-preview:-1"},"canonical":"https:\/\/www.inoxtorres.com\/es\/calidad\/","og_locale":"es_ES","og_type":"article","og_title":"Calidad - InoxTorres","og_description":"Calidad Hemos establecido el est\u00e1ndar en certificaci\u00f3n industrial, ayudando a las empresas a navegar por entornos regulatorios complejos. Nuestro compromiso con la calidad garantiza que los equipos y procesos cumplan con los estrictos requisitos de la industria. A trav\u00e9s de una evaluaci\u00f3n meticulosa y m\u00e9todos de prueba de \u00faltima generaci\u00f3n, brindamos la experiencia necesaria para [&hellip;]","og_url":"https:\/\/www.inoxtorres.com\/es\/calidad\/","og_site_name":"InoxTorres","article_modified_time":"2026-03-18T10:04:04+00:00","twitter_card":"summary_large_image","schema":{"@context":"https:\/\/schema.org","@graph":[{"@type":"WebPage","@id":"https:\/\/www.inoxtorres.com\/es\/calidad\/","url":"https:\/\/www.inoxtorres.com\/es\/calidad\/","name":"Calidad - InoxTorres","isPartOf":{"@id":"https:\/\/www.inoxtorres.com\/es\/#website"},"datePublished":"2025-05-15T11:43:24+00:00","dateModified":"2026-03-18T10:04:04+00:00","breadcrumb":{"@id":"https:\/\/www.inoxtorres.com\/es\/calidad\/#breadcrumb"},"inLanguage":"es","potentialAction":[{"@type":"ReadAction","target":["https:\/\/www.inoxtorres.com\/es\/calidad\/"]}]},{"@type":"BreadcrumbList","@id":"https:\/\/www.inoxtorres.com\/es\/calidad\/#breadcrumb","itemListElement":[{"@type":"ListItem","position":1,"name":"Portada","item":"https:\/\/www.inoxtorres.com\/es\/hogar\/"},{"@type":"ListItem","position":2,"name":"Calidad"}]},{"@type":"WebSite","@id":"https:\/\/www.inoxtorres.com\/es\/#website","url":"https:\/\/www.inoxtorres.com\/es\/","name":"InoxTorres","description":"","publisher":{"@id":"https:\/\/www.inoxtorres.com\/es\/#organization"},"potentialAction":[{"@type":"SearchAction","target":{"@type":"EntryPoint","urlTemplate":"https:\/\/www.inoxtorres.com\/es\/?s={search_term_string}"},"query-input":{"@type":"PropertyValueSpecification","valueRequired":true,"valueName":"search_term_string"}}],"inLanguage":"es"},{"@type":"Organization","@id":"https:\/\/www.inoxtorres.com\/es\/#organization","name":"InoxTorres","url":"https:\/\/www.inoxtorres.com\/es\/","logo":{"@type":"ImageObject","inLanguage":"es","@id":"https:\/\/www.inoxtorres.com\/es\/#\/schema\/logo\/image\/","url":"https:\/\/www.inoxtorres.com\/wp-content\/uploads\/2025\/05\/Light-3.svg","contentUrl":"https:\/\/www.inoxtorres.com\/wp-content\/uploads\/2025\/05\/Light-3.svg","width":246,"height":55,"caption":"InoxTorres"},"image":{"@id":"https:\/\/www.inoxtorres.com\/es\/#\/schema\/logo\/image\/"}}]}},"_links":{"self":[{"href":"https:\/\/www.inoxtorres.com\/es\/wp-json\/wp\/v2\/pages\/2351","targetHints":{"allow":["GET"]}}],"collection":[{"href":"https:\/\/www.inoxtorres.com\/es\/wp-json\/wp\/v2\/pages"}],"about":[{"href":"https:\/\/www.inoxtorres.com\/es\/wp-json\/wp\/v2\/types\/page"}],"author":[{"embeddable":true,"href":"https:\/\/www.inoxtorres.com\/es\/wp-json\/wp\/v2\/users\/1"}],"replies":[{"embeddable":true,"href":"https:\/\/www.inoxtorres.com\/es\/wp-json\/wp\/v2\/comments?post=2351"}],"version-history":[{"count":7,"href":"https:\/\/www.inoxtorres.com\/es\/wp-json\/wp\/v2\/pages\/2351\/revisions"}],"predecessor-version":[{"id":3696,"href":"https:\/\/www.inoxtorres.com\/es\/wp-json\/wp\/v2\/pages\/2351\/revisions\/3696"}],"wp:attachment":[{"href":"https:\/\/www.inoxtorres.com\/es\/wp-json\/wp\/v2\/media?parent=2351"}],"curies":[{"name":"wp","href":"https:\/\/api.w.org\/{rel}","templated":true}]}}