{"id":2271,"date":"2025-05-15T14:11:08","date_gmt":"2025-05-15T12:11:08","guid":{"rendered":"https:\/\/devmarketersgroup.es\/inoxtorres\/certificaciones-y-aprobaciones\/"},"modified":"2025-12-10T08:25:49","modified_gmt":"2025-12-10T07:25:49","slug":"certificaciones-y-aprobaciones","status":"publish","type":"page","link":"https:\/\/www.inoxtorres.com\/es\/certificaciones-y-aprobaciones\/","title":{"rendered":"Certificaciones y homologaciones"},"content":{"rendered":"\t\t<div data-elementor-type=\"wp-page\" data-elementor-id=\"2271\" class=\"elementor elementor-2271 elementor-303\" data-elementor-post-type=\"page\">\n\t\t\t\t<div class=\"elementor-element elementor-element-7fca38a e-con-full e-flex e-con e-parent\" data-id=\"7fca38a\" data-element_type=\"container\" data-settings=\"{&quot;background_background&quot;:&quot;classic&quot;}\">\n\t\t\t\t<div class=\"elementor-element elementor-element-f69534f elementor-widget elementor-widget-heading\" data-id=\"f69534f\" data-element_type=\"widget\" data-widget_type=\"heading.default\">\n\t\t\t\t<div class=\"elementor-widget-container\">\n\t\t\t\t\t<h1 class=\"elementor-heading-title elementor-size-default\">Certificaciones y homologaciones<\/h1>\t\t\t\t<\/div>\n\t\t\t\t<\/div>\n\t\t\t\t<\/div>\n\t\t<div class=\"elementor-element elementor-element-c9c6279 e-con-full e-flex e-con e-parent\" data-id=\"c9c6279\" data-element_type=\"container\">\n\t\t<div class=\"elementor-element elementor-element-daef0c2 e-con-full e-flex e-con e-child\" data-id=\"daef0c2\" data-element_type=\"container\">\n\t\t\t\t<div class=\"elementor-element elementor-element-cc68cb4 elementor-widget elementor-widget-heading\" data-id=\"cc68cb4\" data-element_type=\"widget\" data-settings=\"{&quot;motion_fx_motion_fx_scrolling&quot;:&quot;yes&quot;,&quot;motion_fx_opacity_effect&quot;:&quot;yes&quot;,&quot;motion_fx_opacity_range&quot;:{&quot;unit&quot;:&quot;%&quot;,&quot;size&quot;:&quot;&quot;,&quot;sizes&quot;:{&quot;start&quot;:20,&quot;end&quot;:55}},&quot;motion_fx_opacity_direction&quot;:&quot;out-in&quot;,&quot;motion_fx_opacity_level&quot;:{&quot;unit&quot;:&quot;px&quot;,&quot;size&quot;:10,&quot;sizes&quot;:[]},&quot;motion_fx_devices&quot;:[&quot;desktop&quot;,&quot;tablet&quot;,&quot;mobile&quot;]}\" data-widget_type=\"heading.default\">\n\t\t\t\t<div class=\"elementor-widget-container\">\n\t\t\t\t\t<p class=\"elementor-heading-title elementor-size-default\">Hemos establecido el est\u00e1ndar en certificaci\u00f3n industrial, ayudando a las empresas a navegar por entornos regulatorios complejos.  <span class=\"blue\">Nuestro compromiso con la calidad y el cumplimiento garantiza que los equipos y procesos cumplan con los estrictos requisitos<\/span> de la industria.<\/p>\t\t\t\t<\/div>\n\t\t\t\t<\/div>\n\t\t\t\t<\/div>\n\t\t\t\t<\/div>\n\t\t<div class=\"elementor-element elementor-element-5bf1641 e-con-full e-flex e-con e-parent\" data-id=\"5bf1641\" data-element_type=\"container\">\n\t\t<div class=\"elementor-element elementor-element-57743a0 e-con-full e-flex e-con e-child\" data-id=\"57743a0\" data-element_type=\"container\">\n\t\t\t\t<\/div>\n\t\t<div class=\"elementor-element elementor-element-f1722a6 e-con-full e-flex e-con e-child\" data-id=\"f1722a6\" data-element_type=\"container\">\n\t\t\t\t<div class=\"elementor-element elementor-element-194f243 buttonlike elementor-widget elementor-widget-heading\" data-id=\"194f243\" data-element_type=\"widget\" data-widget_type=\"heading.default\">\n\t\t\t\t<div class=\"elementor-widget-container\">\n\t\t\t\t\t<span class=\"elementor-heading-title elementor-size-default\">CERTIFICACIONES<\/span>\t\t\t\t<\/div>\n\t\t\t\t<\/div>\n\t\t\t\t<div class=\"elementor-element elementor-element-541f915 elementor-widget elementor-widget-text-editor\" data-id=\"541f915\" data-element_type=\"widget\" data-settings=\"{&quot;motion_fx_motion_fx_scrolling&quot;:&quot;yes&quot;,&quot;motion_fx_opacity_effect&quot;:&quot;yes&quot;,&quot;motion_fx_opacity_range&quot;:{&quot;unit&quot;:&quot;%&quot;,&quot;size&quot;:&quot;&quot;,&quot;sizes&quot;:{&quot;start&quot;:20,&quot;end&quot;:55}},&quot;motion_fx_opacity_direction&quot;:&quot;out-in&quot;,&quot;motion_fx_opacity_level&quot;:{&quot;unit&quot;:&quot;px&quot;,&quot;size&quot;:10,&quot;sizes&quot;:[]},&quot;motion_fx_devices&quot;:[&quot;desktop&quot;,&quot;tablet&quot;,&quot;mobile&quot;]}\" data-widget_type=\"text-editor.default\">\n\t\t\t\t<div class=\"elementor-widget-container\">\n\t\t\t\t\t\t\t\t\t<p>Marcado CE, Directiva de Equipos a Presi\u00f3n 2014\/68 (PED).<\/p>\n<p>Sello ASME (U, U2, R)<\/p>\n<p>National board (NB)<\/p>\n<p>Licencia A2 para China<\/p>\t\t\t\t\t\t\t\t<\/div>\n\t\t\t\t<\/div>\n\t\t\t\t<div class=\"elementor-element elementor-element-0426036 elementor-widget-divider--view-line elementor-widget elementor-widget-divider\" data-id=\"0426036\" data-element_type=\"widget\" data-widget_type=\"divider.default\">\n\t\t\t\t<div class=\"elementor-widget-container\">\n\t\t\t\t\t\t\t<div class=\"elementor-divider\">\n\t\t\t<span class=\"elementor-divider-separator\">\n\t\t\t\t\t\t<\/span>\n\t\t<\/div>\n\t\t\t\t\t\t<\/div>\n\t\t\t\t<\/div>\n\t\t\t\t<div class=\"elementor-element elementor-element-a364e01 buttonlike elementor-widget elementor-widget-heading\" data-id=\"a364e01\" data-element_type=\"widget\" data-widget_type=\"heading.default\">\n\t\t\t\t<div class=\"elementor-widget-container\">\n\t\t\t\t\t<span class=\"elementor-heading-title elementor-size-default\">Legalizaciones<\/span>\t\t\t\t<\/div>\n\t\t\t\t<\/div>\n\t\t\t\t<div class=\"elementor-element elementor-element-a30d70c elementor-widget elementor-widget-text-editor\" data-id=\"a30d70c\" data-element_type=\"widget\" data-settings=\"{&quot;motion_fx_motion_fx_scrolling&quot;:&quot;yes&quot;,&quot;motion_fx_opacity_effect&quot;:&quot;yes&quot;,&quot;motion_fx_opacity_range&quot;:{&quot;unit&quot;:&quot;%&quot;,&quot;size&quot;:&quot;&quot;,&quot;sizes&quot;:{&quot;start&quot;:20,&quot;end&quot;:55}},&quot;motion_fx_opacity_direction&quot;:&quot;out-in&quot;,&quot;motion_fx_opacity_level&quot;:{&quot;unit&quot;:&quot;px&quot;,&quot;size&quot;:10,&quot;sizes&quot;:[]},&quot;motion_fx_devices&quot;:[&quot;desktop&quot;,&quot;tablet&quot;,&quot;mobile&quot;]}\" data-widget_type=\"text-editor.default\">\n\t\t\t\t<div class=\"elementor-widget-container\">\n\t\t\t\t\t\t\t\t\t<p>CRN (Canad\u00e1).<\/p><p>ARN (Australia)<\/p><p>IBR (India)<\/p><p>DOSH (Malasia)<\/p><p>KOSHA\/KEA \/ KGS (Corea)<\/p><p>GOST (Rusia)<\/p>\t\t\t\t\t\t\t\t<\/div>\n\t\t\t\t<\/div>\n\t\t\t\t<div class=\"elementor-element elementor-element-2d00091 elementor-widget-divider--view-line elementor-widget elementor-widget-divider\" data-id=\"2d00091\" data-element_type=\"widget\" data-widget_type=\"divider.default\">\n\t\t\t\t<div class=\"elementor-widget-container\">\n\t\t\t\t\t\t\t<div class=\"elementor-divider\">\n\t\t\t<span class=\"elementor-divider-separator\">\n\t\t\t\t\t\t<\/span>\n\t\t<\/div>\n\t\t\t\t\t\t<\/div>\n\t\t\t\t<\/div>\n\t\t\t\t<div class=\"elementor-element elementor-element-61b13d5 buttonlike elementor-widget elementor-widget-heading\" data-id=\"61b13d5\" data-element_type=\"widget\" data-widget_type=\"heading.default\">\n\t\t\t\t<div class=\"elementor-widget-container\">\n\t\t\t\t\t<span class=\"elementor-heading-title elementor-size-default\">Reparaci\u00f3n y modificaciones de equipos de presi\u00f3n en Espa\u00f1a<\/span>\t\t\t\t<\/div>\n\t\t\t\t<\/div>\n\t\t\t\t<div class=\"elementor-element elementor-element-2c2510c elementor-widget elementor-widget-text-editor\" data-id=\"2c2510c\" data-element_type=\"widget\" data-settings=\"{&quot;motion_fx_motion_fx_scrolling&quot;:&quot;yes&quot;,&quot;motion_fx_opacity_effect&quot;:&quot;yes&quot;,&quot;motion_fx_opacity_range&quot;:{&quot;unit&quot;:&quot;%&quot;,&quot;size&quot;:&quot;&quot;,&quot;sizes&quot;:{&quot;start&quot;:20,&quot;end&quot;:55}},&quot;motion_fx_opacity_direction&quot;:&quot;out-in&quot;,&quot;motion_fx_opacity_level&quot;:{&quot;unit&quot;:&quot;px&quot;,&quot;size&quot;:10,&quot;sizes&quot;:[]},&quot;motion_fx_devices&quot;:[&quot;desktop&quot;,&quot;tablet&quot;,&quot;mobile&quot;]}\" data-widget_type=\"text-editor.default\">\n\t\t\t\t<div class=\"elementor-widget-container\">\n\t\t\t\t\t\t\t\t\t<p>Contratista certificado de instalaci\u00f3n\/reparaci\u00f3n con certificaci\u00f3n EIP-2 \/ ERP-2.<\/p>\t\t\t\t\t\t\t\t<\/div>\n\t\t\t\t<\/div>\n\t\t\t\t<div class=\"elementor-element elementor-element-c9d822b elementor-widget-divider--view-line elementor-widget elementor-widget-divider\" data-id=\"c9d822b\" data-element_type=\"widget\" data-widget_type=\"divider.default\">\n\t\t\t\t<div class=\"elementor-widget-container\">\n\t\t\t\t\t\t\t<div class=\"elementor-divider\">\n\t\t\t<span class=\"elementor-divider-separator\">\n\t\t\t\t\t\t<\/span>\n\t\t<\/div>\n\t\t\t\t\t\t<\/div>\n\t\t\t\t<\/div>\n\t\t\t\t<div class=\"elementor-element elementor-element-bbd14ca buttonlike elementor-widget elementor-widget-heading\" data-id=\"bbd14ca\" data-element_type=\"widget\" data-widget_type=\"heading.default\">\n\t\t\t\t<div class=\"elementor-widget-container\">\n\t\t\t\t\t<span class=\"elementor-heading-title elementor-size-default\">Sistema de calidad<\/span>\t\t\t\t<\/div>\n\t\t\t\t<\/div>\n\t\t\t\t<div class=\"elementor-element elementor-element-823859d elementor-widget elementor-widget-text-editor\" data-id=\"823859d\" data-element_type=\"widget\" data-settings=\"{&quot;motion_fx_motion_fx_scrolling&quot;:&quot;yes&quot;,&quot;motion_fx_opacity_effect&quot;:&quot;yes&quot;,&quot;motion_fx_opacity_range&quot;:{&quot;unit&quot;:&quot;%&quot;,&quot;size&quot;:&quot;&quot;,&quot;sizes&quot;:{&quot;start&quot;:20,&quot;end&quot;:55}},&quot;motion_fx_opacity_direction&quot;:&quot;out-in&quot;,&quot;motion_fx_opacity_level&quot;:{&quot;unit&quot;:&quot;px&quot;,&quot;size&quot;:10,&quot;sizes&quot;:[]},&quot;motion_fx_devices&quot;:[&quot;desktop&quot;,&quot;tablet&quot;,&quot;mobile&quot;]}\" data-widget_type=\"text-editor.default\">\n\t\t\t\t<div class=\"elementor-widget-container\">\n\t\t\t\t\t\t\t\t\t<p>ISO 9001<\/p><p>ISO 14001<\/p><p>ISO 45001<\/p>\t\t\t\t\t\t\t\t<\/div>\n\t\t\t\t<\/div>\n\t\t\t\t<div class=\"elementor-element elementor-element-3c25c15 elementor-widget-divider--view-line elementor-widget elementor-widget-divider\" data-id=\"3c25c15\" data-element_type=\"widget\" data-widget_type=\"divider.default\">\n\t\t\t\t<div class=\"elementor-widget-container\">\n\t\t\t\t\t\t\t<div class=\"elementor-divider\">\n\t\t\t<span class=\"elementor-divider-separator\">\n\t\t\t\t\t\t<\/span>\n\t\t<\/div>\n\t\t\t\t\t\t<\/div>\n\t\t\t\t<\/div>\n\t\t\t\t<div class=\"elementor-element elementor-element-b70651e buttonlike elementor-widget elementor-widget-heading\" data-id=\"b70651e\" data-element_type=\"widget\" data-widget_type=\"heading.default\">\n\t\t\t\t<div class=\"elementor-widget-container\">\n\t\t\t\t\t<span class=\"elementor-heading-title elementor-size-default\">Otras certificaciones  <\/span>\t\t\t\t<\/div>\n\t\t\t\t<\/div>\n\t\t\t\t<div class=\"elementor-element elementor-element-1495a7e elementor-widget elementor-widget-text-editor\" data-id=\"1495a7e\" data-element_type=\"widget\" data-settings=\"{&quot;motion_fx_motion_fx_scrolling&quot;:&quot;yes&quot;,&quot;motion_fx_opacity_effect&quot;:&quot;yes&quot;,&quot;motion_fx_opacity_range&quot;:{&quot;unit&quot;:&quot;%&quot;,&quot;size&quot;:&quot;&quot;,&quot;sizes&quot;:{&quot;start&quot;:20,&quot;end&quot;:55}},&quot;motion_fx_opacity_direction&quot;:&quot;out-in&quot;,&quot;motion_fx_opacity_level&quot;:{&quot;unit&quot;:&quot;px&quot;,&quot;size&quot;:10,&quot;sizes&quot;:[]},&quot;motion_fx_devices&quot;:[&quot;desktop&quot;,&quot;tablet&quot;,&quot;mobile&quot;]}\" data-widget_type=\"text-editor.default\">\n\t\t\t\t<div class=\"elementor-widget-container\">\n\t\t\t\t\t\t\t\t\t<p>ISO 3834-2 Soldadura<\/p><p>HP-0 seg\u00fan Ad-Merkblatter<\/p>\t\t\t\t\t\t\t\t<\/div>\n\t\t\t\t<\/div>\n\t\t\t\t<\/div>\n\t\t\t\t<\/div>\n\t\t\t\t<\/div>\n\t\t","protected":false},"excerpt":{"rendered":"<p>Certificaciones y homologaciones Hemos establecido el est\u00e1ndar en certificaci\u00f3n industrial, ayudando a las empresas a navegar por entornos regulatorios complejos. Nuestro compromiso con la calidad y el cumplimiento garantiza que los equipos y procesos cumplan con los estrictos requisitos de la industria. CERTIFICACIONES Marcado CE, Directiva de Equipos a Presi\u00f3n 2014\/68 (PED). Sello ASME (U, [&hellip;]<\/p>\n","protected":false},"author":1,"featured_media":0,"parent":0,"menu_order":0,"comment_status":"closed","ping_status":"closed","template":"","meta":{"_acf_changed":false,"footnotes":""},"class_list":["post-2271","page","type-page","status-publish","hentry"],"acf":[],"yoast_head":"<!-- This site is optimized with the Yoast SEO plugin v26.6 - https:\/\/yoast.com\/wordpress\/plugins\/seo\/ -->\n<title>Certificaciones y homologaciones - InoxTorres<\/title>\n<meta name=\"robots\" content=\"index, follow, max-snippet:-1, max-image-preview:large, max-video-preview:-1\" \/>\n<link rel=\"canonical\" href=\"https:\/\/www.inoxtorres.com\/es\/certificaciones-y-aprobaciones\/\" \/>\n<meta property=\"og:locale\" content=\"es_ES\" \/>\n<meta property=\"og:type\" content=\"article\" \/>\n<meta property=\"og:title\" content=\"Certificaciones y homologaciones - InoxTorres\" \/>\n<meta property=\"og:description\" content=\"Certificaciones y homologaciones Hemos establecido el est\u00e1ndar en certificaci\u00f3n industrial, ayudando a las empresas a navegar por entornos regulatorios complejos. Nuestro compromiso con la calidad y el cumplimiento garantiza que los equipos y procesos cumplan con los estrictos requisitos de la industria. CERTIFICACIONES Marcado CE, Directiva de Equipos a Presi\u00f3n 2014\/68 (PED). Sello ASME (U, [&hellip;]\" \/>\n<meta property=\"og:url\" content=\"https:\/\/www.inoxtorres.com\/es\/certificaciones-y-aprobaciones\/\" \/>\n<meta property=\"og:site_name\" content=\"InoxTorres\" \/>\n<meta property=\"article:modified_time\" content=\"2025-12-10T07:25:49+00:00\" \/>\n<meta name=\"twitter:card\" content=\"summary_large_image\" \/>\n<meta name=\"twitter:label1\" content=\"Tiempo de lectura\" \/>\n\t<meta name=\"twitter:data1\" content=\"1 minuto\" \/>\n<script type=\"application\/ld+json\" class=\"yoast-schema-graph\">{\"@context\":\"https:\/\/schema.org\",\"@graph\":[{\"@type\":\"WebPage\",\"@id\":\"https:\/\/www.inoxtorres.com\/es\/certificaciones-y-aprobaciones\/\",\"url\":\"https:\/\/www.inoxtorres.com\/es\/certificaciones-y-aprobaciones\/\",\"name\":\"Certificaciones y homologaciones - InoxTorres\",\"isPartOf\":{\"@id\":\"https:\/\/www.inoxtorres.com\/es\/#website\"},\"datePublished\":\"2025-05-15T12:11:08+00:00\",\"dateModified\":\"2025-12-10T07:25:49+00:00\",\"breadcrumb\":{\"@id\":\"https:\/\/www.inoxtorres.com\/es\/certificaciones-y-aprobaciones\/#breadcrumb\"},\"inLanguage\":\"es\",\"potentialAction\":[{\"@type\":\"ReadAction\",\"target\":[\"https:\/\/www.inoxtorres.com\/es\/certificaciones-y-aprobaciones\/\"]}]},{\"@type\":\"BreadcrumbList\",\"@id\":\"https:\/\/www.inoxtorres.com\/es\/certificaciones-y-aprobaciones\/#breadcrumb\",\"itemListElement\":[{\"@type\":\"ListItem\",\"position\":1,\"name\":\"Portada\",\"item\":\"https:\/\/www.inoxtorres.com\/es\/hogar\/\"},{\"@type\":\"ListItem\",\"position\":2,\"name\":\"Certificaciones y homologaciones\"}]},{\"@type\":\"WebSite\",\"@id\":\"https:\/\/www.inoxtorres.com\/es\/#website\",\"url\":\"https:\/\/www.inoxtorres.com\/es\/\",\"name\":\"InoxTorres\",\"description\":\"\",\"publisher\":{\"@id\":\"https:\/\/www.inoxtorres.com\/es\/#organization\"},\"potentialAction\":[{\"@type\":\"SearchAction\",\"target\":{\"@type\":\"EntryPoint\",\"urlTemplate\":\"https:\/\/www.inoxtorres.com\/es\/?s={search_term_string}\"},\"query-input\":{\"@type\":\"PropertyValueSpecification\",\"valueRequired\":true,\"valueName\":\"search_term_string\"}}],\"inLanguage\":\"es\"},{\"@type\":\"Organization\",\"@id\":\"https:\/\/www.inoxtorres.com\/es\/#organization\",\"name\":\"InoxTorres\",\"url\":\"https:\/\/www.inoxtorres.com\/es\/\",\"logo\":{\"@type\":\"ImageObject\",\"inLanguage\":\"es\",\"@id\":\"https:\/\/www.inoxtorres.com\/es\/#\/schema\/logo\/image\/\",\"url\":\"https:\/\/www.inoxtorres.com\/wp-content\/uploads\/2025\/05\/Light-3.svg\",\"contentUrl\":\"https:\/\/www.inoxtorres.com\/wp-content\/uploads\/2025\/05\/Light-3.svg\",\"width\":246,\"height\":55,\"caption\":\"InoxTorres\"},\"image\":{\"@id\":\"https:\/\/www.inoxtorres.com\/es\/#\/schema\/logo\/image\/\"}}]}<\/script>\n<!-- \/ Yoast SEO plugin. -->","yoast_head_json":{"title":"Certificaciones y homologaciones - InoxTorres","robots":{"index":"index","follow":"follow","max-snippet":"max-snippet:-1","max-image-preview":"max-image-preview:large","max-video-preview":"max-video-preview:-1"},"canonical":"https:\/\/www.inoxtorres.com\/es\/certificaciones-y-aprobaciones\/","og_locale":"es_ES","og_type":"article","og_title":"Certificaciones y homologaciones - InoxTorres","og_description":"Certificaciones y homologaciones Hemos establecido el est\u00e1ndar en certificaci\u00f3n industrial, ayudando a las empresas a navegar por entornos regulatorios complejos. Nuestro compromiso con la calidad y el cumplimiento garantiza que los equipos y procesos cumplan con los estrictos requisitos de la industria. CERTIFICACIONES Marcado CE, Directiva de Equipos a Presi\u00f3n 2014\/68 (PED). Sello ASME (U, [&hellip;]","og_url":"https:\/\/www.inoxtorres.com\/es\/certificaciones-y-aprobaciones\/","og_site_name":"InoxTorres","article_modified_time":"2025-12-10T07:25:49+00:00","twitter_card":"summary_large_image","twitter_misc":{"Tiempo de lectura":"1 minuto"},"schema":{"@context":"https:\/\/schema.org","@graph":[{"@type":"WebPage","@id":"https:\/\/www.inoxtorres.com\/es\/certificaciones-y-aprobaciones\/","url":"https:\/\/www.inoxtorres.com\/es\/certificaciones-y-aprobaciones\/","name":"Certificaciones y homologaciones - InoxTorres","isPartOf":{"@id":"https:\/\/www.inoxtorres.com\/es\/#website"},"datePublished":"2025-05-15T12:11:08+00:00","dateModified":"2025-12-10T07:25:49+00:00","breadcrumb":{"@id":"https:\/\/www.inoxtorres.com\/es\/certificaciones-y-aprobaciones\/#breadcrumb"},"inLanguage":"es","potentialAction":[{"@type":"ReadAction","target":["https:\/\/www.inoxtorres.com\/es\/certificaciones-y-aprobaciones\/"]}]},{"@type":"BreadcrumbList","@id":"https:\/\/www.inoxtorres.com\/es\/certificaciones-y-aprobaciones\/#breadcrumb","itemListElement":[{"@type":"ListItem","position":1,"name":"Portada","item":"https:\/\/www.inoxtorres.com\/es\/hogar\/"},{"@type":"ListItem","position":2,"name":"Certificaciones y homologaciones"}]},{"@type":"WebSite","@id":"https:\/\/www.inoxtorres.com\/es\/#website","url":"https:\/\/www.inoxtorres.com\/es\/","name":"InoxTorres","description":"","publisher":{"@id":"https:\/\/www.inoxtorres.com\/es\/#organization"},"potentialAction":[{"@type":"SearchAction","target":{"@type":"EntryPoint","urlTemplate":"https:\/\/www.inoxtorres.com\/es\/?s={search_term_string}"},"query-input":{"@type":"PropertyValueSpecification","valueRequired":true,"valueName":"search_term_string"}}],"inLanguage":"es"},{"@type":"Organization","@id":"https:\/\/www.inoxtorres.com\/es\/#organization","name":"InoxTorres","url":"https:\/\/www.inoxtorres.com\/es\/","logo":{"@type":"ImageObject","inLanguage":"es","@id":"https:\/\/www.inoxtorres.com\/es\/#\/schema\/logo\/image\/","url":"https:\/\/www.inoxtorres.com\/wp-content\/uploads\/2025\/05\/Light-3.svg","contentUrl":"https:\/\/www.inoxtorres.com\/wp-content\/uploads\/2025\/05\/Light-3.svg","width":246,"height":55,"caption":"InoxTorres"},"image":{"@id":"https:\/\/www.inoxtorres.com\/es\/#\/schema\/logo\/image\/"}}]}},"_links":{"self":[{"href":"https:\/\/www.inoxtorres.com\/es\/wp-json\/wp\/v2\/pages\/2271","targetHints":{"allow":["GET"]}}],"collection":[{"href":"https:\/\/www.inoxtorres.com\/es\/wp-json\/wp\/v2\/pages"}],"about":[{"href":"https:\/\/www.inoxtorres.com\/es\/wp-json\/wp\/v2\/types\/page"}],"author":[{"embeddable":true,"href":"https:\/\/www.inoxtorres.com\/es\/wp-json\/wp\/v2\/users\/1"}],"replies":[{"embeddable":true,"href":"https:\/\/www.inoxtorres.com\/es\/wp-json\/wp\/v2\/comments?post=2271"}],"version-history":[{"count":10,"href":"https:\/\/www.inoxtorres.com\/es\/wp-json\/wp\/v2\/pages\/2271\/revisions"}],"predecessor-version":[{"id":3583,"href":"https:\/\/www.inoxtorres.com\/es\/wp-json\/wp\/v2\/pages\/2271\/revisions\/3583"}],"wp:attachment":[{"href":"https:\/\/www.inoxtorres.com\/es\/wp-json\/wp\/v2\/media?parent=2271"}],"curies":[{"name":"wp","href":"https:\/\/api.w.org\/{rel}","templated":true}]}}