{"id":2101,"date":"2025-06-10T13:07:55","date_gmt":"2025-06-10T11:07:55","guid":{"rendered":"https:\/\/devmarketersgroup.es\/inoxtorres\/asesoramiento-legal\/"},"modified":"2025-12-09T13:53:22","modified_gmt":"2025-12-09T12:53:22","slug":"asesoramiento-legal","status":"publish","type":"page","link":"https:\/\/www.inoxtorres.com\/es\/asesoramiento-legal\/","title":{"rendered":"Asesoramiento legal"},"content":{"rendered":"\t\t<div data-elementor-type=\"wp-page\" data-elementor-id=\"2101\" class=\"elementor elementor-2101 elementor-718\" data-elementor-post-type=\"page\">\n\t\t\t\t<div class=\"elementor-element elementor-element-0fe3a88 e-con-full e-flex e-con e-parent\" data-id=\"0fe3a88\" data-element_type=\"container\" data-settings=\"{&quot;background_background&quot;:&quot;classic&quot;}\">\n\t\t\t\t<div class=\"elementor-element elementor-element-9e18d3b elementor-widget elementor-widget-heading\" data-id=\"9e18d3b\" data-element_type=\"widget\" data-widget_type=\"heading.default\">\n\t\t\t\t<div class=\"elementor-widget-container\">\n\t\t\t\t\t<h1 class=\"elementor-heading-title elementor-size-default\">Aviso Legal<\/h1>\t\t\t\t<\/div>\n\t\t\t\t<\/div>\n\t\t\t\t<\/div>\n\t\t<div class=\"elementor-element elementor-element-bc26b8e e-con-full elementor-hidden-mobile e-flex e-con e-parent\" data-id=\"bc26b8e\" data-element_type=\"container\">\n\t\t\t\t<div class=\"elementor-element elementor-element-fd10a08 elementor-widget elementor-widget-text-editor\" data-id=\"fd10a08\" data-element_type=\"widget\" data-widget_type=\"text-editor.default\">\n\t\t\t\t<div class=\"elementor-widget-container\">\n\t\t\t\t\t\t\t\t\t<p>En cumplimiento del deber de informaci\u00f3n recogido en el art\u00edculo 10 de la Ley 34\/2002, de 11 de julio, de Servicios de la Sociedad de la Informaci\u00f3n y de Comercio Electr\u00f3nico (LSSICE), el titular del sitio web le informa de lo siguiente:<\/p>\t\t\t\t\t\t\t\t<\/div>\n\t\t\t\t<\/div>\n\t\t\t\t<div class=\"elementor-element elementor-element-b03ccf4 elementor-widget-divider--view-line elementor-widget elementor-widget-divider\" data-id=\"b03ccf4\" data-element_type=\"widget\" data-widget_type=\"divider.default\">\n\t\t\t\t<div class=\"elementor-widget-container\">\n\t\t\t\t\t\t\t<div class=\"elementor-divider\">\n\t\t\t<span class=\"elementor-divider-separator\">\n\t\t\t\t\t\t<\/span>\n\t\t<\/div>\n\t\t\t\t\t\t<\/div>\n\t\t\t\t<\/div>\n\t\t\t\t<div class=\"elementor-element elementor-element-b6160ce elementor-widget elementor-widget-text-editor\" data-id=\"b6160ce\" data-element_type=\"widget\" data-widget_type=\"text-editor.default\">\n\t\t\t\t<div class=\"elementor-widget-container\">\n\t\t\t\t\t\t\t\t\t<p>Denominaci\u00f3n social: Inox Torres Group, S.L<br data-start=\"251\" data-end=\"254\">N\u00famero de identificaci\u00f3n fiscal (NIF): B62374913<br data-start=\"277\" data-end=\"280\">Domicilio social: C\/ Irlanda 6, 08520 \u2013 Les Franqueses del Vall\u00e9s (Barcelona)<br data-start=\"358\" data-end=\"361\">Inscrita en el Registro Mercantil de BARCELONA, Tomo 40187, Folio 92, Secci\u00f3n 8, Hoja n\u00famero 222838, Inscripci\u00f3n 19<\/p>\t\t\t\t\t\t\t\t<\/div>\n\t\t\t\t<\/div>\n\t\t\t\t<div class=\"elementor-element elementor-element-27d1460 elementor-widget-divider--view-line elementor-widget elementor-widget-divider\" data-id=\"27d1460\" data-element_type=\"widget\" data-widget_type=\"divider.default\">\n\t\t\t\t<div class=\"elementor-widget-container\">\n\t\t\t\t\t\t\t<div class=\"elementor-divider\">\n\t\t\t<span class=\"elementor-divider-separator\">\n\t\t\t\t\t\t<\/span>\n\t\t<\/div>\n\t\t\t\t\t\t<\/div>\n\t\t\t\t<\/div>\n\t\t\t\t<div class=\"elementor-element elementor-element-92dfa94 elementor-widget elementor-widget-text-editor\" data-id=\"92dfa94\" data-element_type=\"widget\" data-widget_type=\"text-editor.default\">\n\t\t\t\t<div class=\"elementor-widget-container\">\n\t\t\t\t\t\t\t\t\t<p data-start=\"479\" data-end=\"690\">Dentro de los l\u00edmites establecidos en la ley, Inox Torres Group, S.L no asume ninguna responsabilidad derivada de la falta de veracidad, exhaustividad, actualizaci\u00f3n o exactitud de los datos o informaciones contenidos en sus p\u00e1ginas web.<\/p><p data-start=\"692\" data-end=\"896\">El contenido y la informaci\u00f3n no vinculan a Inox Torres Group, S.L y no constituyen opiniones, consejos o asesoramiento legal de ning\u00fan tipo, ya que se proporcionan \u00fanicamente con fines informativos y divulgativos.<\/p><p data-start=\"898\" data-end=\"1142\">Las p\u00e1ginas de Internet de Inox Torres Group, S.L pueden contener enlaces a p\u00e1ginas de terceros que Inox Torres Group, S.L no puede controlar. Por lo tanto, Inox Torres Group, S.L no puede asumir responsabilidad por ning\u00fan contenido que pueda aparecer en p\u00e1ginas de terceros. <\/p><p data-start=\"1144\" data-end=\"1493\">Los textos, im\u00e1genes, sonidos, animaciones, software y el resto de contenidos incluidos en este sitio web son propiedad exclusiva de Inox Torres Group, S.L o de sus licenciantes. Cualquier acto de transmisi\u00f3n, distribuci\u00f3n, cesi\u00f3n, reproducci\u00f3n, almacenamiento o comunicaci\u00f3n p\u00fablica, total o parcial, deber\u00e1 contar con el consentimiento expreso de Inox Torres Group, S.L. <\/p><p data-start=\"1495\" data-end=\"2130\">Asimismo, para acceder a algunos de los servicios que Inox Torres Group, S.L ofrece a trav\u00e9s del sitio web, deber\u00e1 facilitar ciertos datos personales. En cumplimiento del Reglamento (UE) 2016\/679 del Parlamento Europeo y del Consejo, de 27 de abril de 2016 (RGPD), relativo a la protecci\u00f3n de las personas f\u00edsicas en lo que respecta al tratamiento de datos personales y a la libre circulaci\u00f3n de estos datos, le informamos que, mediante la cumplimentaci\u00f3n de estos formularios, sus datos personales ser\u00e1n incorporados y tratados en los ficheros del Grupo Inox Torres,  S.L con la finalidad de prestar y ofrecer nuestros servicios, as\u00ed como informarle sobre mejoras en el Sitio Web. <\/p><p data-start=\"2132\" data-end=\"2454\" data-is-last-node=\"\" data-is-only-node=\"\">Asimismo, le informamos que tendr\u00e1 la posibilidad, en cualquier momento, de ejercer sus derechos de acceso, rectificaci\u00f3n, supresi\u00f3n, oposici\u00f3n, limitaci\u00f3n y portabilidad de sus datos personales, de forma gratuita, mediante correo electr\u00f3nico a: <a class=\"decorated-link cursor-pointer\" rel=\"noopener\" data-start=\"2351\" data-end=\"2374\">sales@inoxtorres.com<\/a> o en la direcci\u00f3n: C\/ Irlanda 6, 08520 \u2013 Les Franqueses Del Vall\u00e9s (Barcelona)<\/p>\t\t\t\t\t\t\t\t<\/div>\n\t\t\t\t<\/div>\n\t\t\t\t<\/div>\n\t\t\t\t<\/div>\n\t\t","protected":false},"excerpt":{"rendered":"<p>Aviso Legal En cumplimiento del deber de informaci\u00f3n recogido en el art\u00edculo 10 de la Ley 34\/2002, de 11 de julio, de Servicios de la Sociedad de la Informaci\u00f3n y de Comercio Electr\u00f3nico (LSSICE), el titular del sitio web le informa de lo siguiente: Denominaci\u00f3n social: Inox Torres Group, S.LN\u00famero de identificaci\u00f3n fiscal (NIF): B62374913Domicilio [&hellip;]<\/p>\n","protected":false},"author":1,"featured_media":0,"parent":0,"menu_order":0,"comment_status":"closed","ping_status":"closed","template":"","meta":{"_acf_changed":false,"footnotes":""},"class_list":["post-2101","page","type-page","status-publish","hentry"],"acf":[],"yoast_head":"<!-- This site is optimized with the Yoast SEO plugin v26.6 - https:\/\/yoast.com\/wordpress\/plugins\/seo\/ -->\n<title>Asesoramiento legal - InoxTorres<\/title>\n<meta name=\"robots\" content=\"index, follow, max-snippet:-1, max-image-preview:large, max-video-preview:-1\" \/>\n<link rel=\"canonical\" href=\"https:\/\/www.inoxtorres.com\/es\/asesoramiento-legal\/\" \/>\n<meta property=\"og:locale\" content=\"es_ES\" \/>\n<meta property=\"og:type\" content=\"article\" \/>\n<meta property=\"og:title\" content=\"Asesoramiento legal - InoxTorres\" \/>\n<meta property=\"og:description\" content=\"Aviso Legal En cumplimiento del deber de informaci\u00f3n recogido en el art\u00edculo 10 de la Ley 34\/2002, de 11 de julio, de Servicios de la Sociedad de la Informaci\u00f3n y de Comercio Electr\u00f3nico (LSSICE), el titular del sitio web le informa de lo siguiente: Denominaci\u00f3n social: Inox Torres Group, S.LN\u00famero de identificaci\u00f3n fiscal (NIF): B62374913Domicilio [&hellip;]\" \/>\n<meta property=\"og:url\" content=\"https:\/\/www.inoxtorres.com\/es\/asesoramiento-legal\/\" \/>\n<meta property=\"og:site_name\" content=\"InoxTorres\" \/>\n<meta property=\"article:modified_time\" content=\"2025-12-09T12:53:22+00:00\" \/>\n<meta name=\"twitter:card\" content=\"summary_large_image\" \/>\n<meta name=\"twitter:label1\" content=\"Tiempo de lectura\" \/>\n\t<meta name=\"twitter:data1\" content=\"2 minutos\" \/>\n<script type=\"application\/ld+json\" class=\"yoast-schema-graph\">{\"@context\":\"https:\/\/schema.org\",\"@graph\":[{\"@type\":\"WebPage\",\"@id\":\"https:\/\/www.inoxtorres.com\/es\/asesoramiento-legal\/\",\"url\":\"https:\/\/www.inoxtorres.com\/es\/asesoramiento-legal\/\",\"name\":\"Asesoramiento legal - InoxTorres\",\"isPartOf\":{\"@id\":\"https:\/\/www.inoxtorres.com\/es\/#website\"},\"datePublished\":\"2025-06-10T11:07:55+00:00\",\"dateModified\":\"2025-12-09T12:53:22+00:00\",\"breadcrumb\":{\"@id\":\"https:\/\/www.inoxtorres.com\/es\/asesoramiento-legal\/#breadcrumb\"},\"inLanguage\":\"es\",\"potentialAction\":[{\"@type\":\"ReadAction\",\"target\":[\"https:\/\/www.inoxtorres.com\/es\/asesoramiento-legal\/\"]}]},{\"@type\":\"BreadcrumbList\",\"@id\":\"https:\/\/www.inoxtorres.com\/es\/asesoramiento-legal\/#breadcrumb\",\"itemListElement\":[{\"@type\":\"ListItem\",\"position\":1,\"name\":\"Portada\",\"item\":\"https:\/\/www.inoxtorres.com\/es\/hogar\/\"},{\"@type\":\"ListItem\",\"position\":2,\"name\":\"Asesoramiento legal\"}]},{\"@type\":\"WebSite\",\"@id\":\"https:\/\/www.inoxtorres.com\/es\/#website\",\"url\":\"https:\/\/www.inoxtorres.com\/es\/\",\"name\":\"InoxTorres\",\"description\":\"\",\"publisher\":{\"@id\":\"https:\/\/www.inoxtorres.com\/es\/#organization\"},\"potentialAction\":[{\"@type\":\"SearchAction\",\"target\":{\"@type\":\"EntryPoint\",\"urlTemplate\":\"https:\/\/www.inoxtorres.com\/es\/?s={search_term_string}\"},\"query-input\":{\"@type\":\"PropertyValueSpecification\",\"valueRequired\":true,\"valueName\":\"search_term_string\"}}],\"inLanguage\":\"es\"},{\"@type\":\"Organization\",\"@id\":\"https:\/\/www.inoxtorres.com\/es\/#organization\",\"name\":\"InoxTorres\",\"url\":\"https:\/\/www.inoxtorres.com\/es\/\",\"logo\":{\"@type\":\"ImageObject\",\"inLanguage\":\"es\",\"@id\":\"https:\/\/www.inoxtorres.com\/es\/#\/schema\/logo\/image\/\",\"url\":\"https:\/\/www.inoxtorres.com\/wp-content\/uploads\/2025\/05\/Light-3.svg\",\"contentUrl\":\"https:\/\/www.inoxtorres.com\/wp-content\/uploads\/2025\/05\/Light-3.svg\",\"width\":246,\"height\":55,\"caption\":\"InoxTorres\"},\"image\":{\"@id\":\"https:\/\/www.inoxtorres.com\/es\/#\/schema\/logo\/image\/\"}}]}<\/script>\n<!-- \/ Yoast SEO plugin. -->","yoast_head_json":{"title":"Asesoramiento legal - InoxTorres","robots":{"index":"index","follow":"follow","max-snippet":"max-snippet:-1","max-image-preview":"max-image-preview:large","max-video-preview":"max-video-preview:-1"},"canonical":"https:\/\/www.inoxtorres.com\/es\/asesoramiento-legal\/","og_locale":"es_ES","og_type":"article","og_title":"Asesoramiento legal - InoxTorres","og_description":"Aviso Legal En cumplimiento del deber de informaci\u00f3n recogido en el art\u00edculo 10 de la Ley 34\/2002, de 11 de julio, de Servicios de la Sociedad de la Informaci\u00f3n y de Comercio Electr\u00f3nico (LSSICE), el titular del sitio web le informa de lo siguiente: Denominaci\u00f3n social: Inox Torres Group, S.LN\u00famero de identificaci\u00f3n fiscal (NIF): B62374913Domicilio [&hellip;]","og_url":"https:\/\/www.inoxtorres.com\/es\/asesoramiento-legal\/","og_site_name":"InoxTorres","article_modified_time":"2025-12-09T12:53:22+00:00","twitter_card":"summary_large_image","twitter_misc":{"Tiempo de lectura":"2 minutos"},"schema":{"@context":"https:\/\/schema.org","@graph":[{"@type":"WebPage","@id":"https:\/\/www.inoxtorres.com\/es\/asesoramiento-legal\/","url":"https:\/\/www.inoxtorres.com\/es\/asesoramiento-legal\/","name":"Asesoramiento legal - InoxTorres","isPartOf":{"@id":"https:\/\/www.inoxtorres.com\/es\/#website"},"datePublished":"2025-06-10T11:07:55+00:00","dateModified":"2025-12-09T12:53:22+00:00","breadcrumb":{"@id":"https:\/\/www.inoxtorres.com\/es\/asesoramiento-legal\/#breadcrumb"},"inLanguage":"es","potentialAction":[{"@type":"ReadAction","target":["https:\/\/www.inoxtorres.com\/es\/asesoramiento-legal\/"]}]},{"@type":"BreadcrumbList","@id":"https:\/\/www.inoxtorres.com\/es\/asesoramiento-legal\/#breadcrumb","itemListElement":[{"@type":"ListItem","position":1,"name":"Portada","item":"https:\/\/www.inoxtorres.com\/es\/hogar\/"},{"@type":"ListItem","position":2,"name":"Asesoramiento legal"}]},{"@type":"WebSite","@id":"https:\/\/www.inoxtorres.com\/es\/#website","url":"https:\/\/www.inoxtorres.com\/es\/","name":"InoxTorres","description":"","publisher":{"@id":"https:\/\/www.inoxtorres.com\/es\/#organization"},"potentialAction":[{"@type":"SearchAction","target":{"@type":"EntryPoint","urlTemplate":"https:\/\/www.inoxtorres.com\/es\/?s={search_term_string}"},"query-input":{"@type":"PropertyValueSpecification","valueRequired":true,"valueName":"search_term_string"}}],"inLanguage":"es"},{"@type":"Organization","@id":"https:\/\/www.inoxtorres.com\/es\/#organization","name":"InoxTorres","url":"https:\/\/www.inoxtorres.com\/es\/","logo":{"@type":"ImageObject","inLanguage":"es","@id":"https:\/\/www.inoxtorres.com\/es\/#\/schema\/logo\/image\/","url":"https:\/\/www.inoxtorres.com\/wp-content\/uploads\/2025\/05\/Light-3.svg","contentUrl":"https:\/\/www.inoxtorres.com\/wp-content\/uploads\/2025\/05\/Light-3.svg","width":246,"height":55,"caption":"InoxTorres"},"image":{"@id":"https:\/\/www.inoxtorres.com\/es\/#\/schema\/logo\/image\/"}}]}},"_links":{"self":[{"href":"https:\/\/www.inoxtorres.com\/es\/wp-json\/wp\/v2\/pages\/2101","targetHints":{"allow":["GET"]}}],"collection":[{"href":"https:\/\/www.inoxtorres.com\/es\/wp-json\/wp\/v2\/pages"}],"about":[{"href":"https:\/\/www.inoxtorres.com\/es\/wp-json\/wp\/v2\/types\/page"}],"author":[{"embeddable":true,"href":"https:\/\/www.inoxtorres.com\/es\/wp-json\/wp\/v2\/users\/1"}],"replies":[{"embeddable":true,"href":"https:\/\/www.inoxtorres.com\/es\/wp-json\/wp\/v2\/comments?post=2101"}],"version-history":[{"count":1,"href":"https:\/\/www.inoxtorres.com\/es\/wp-json\/wp\/v2\/pages\/2101\/revisions"}],"predecessor-version":[{"id":2102,"href":"https:\/\/www.inoxtorres.com\/es\/wp-json\/wp\/v2\/pages\/2101\/revisions\/2102"}],"wp:attachment":[{"href":"https:\/\/www.inoxtorres.com\/es\/wp-json\/wp\/v2\/media?parent=2101"}],"curies":[{"name":"wp","href":"https:\/\/api.w.org\/{rel}","templated":true}]}}