{"id":2075,"date":"2025-06-10T13:35:21","date_gmt":"2025-06-10T11:35:21","guid":{"rendered":"https:\/\/devmarketersgroup.es\/inoxtorres\/politica-de-privacidad\/"},"modified":"2025-12-09T13:55:15","modified_gmt":"2025-12-09T12:55:15","slug":"politica-de-privacidad","status":"publish","type":"page","link":"https:\/\/www.inoxtorres.com\/es\/politica-de-privacidad\/","title":{"rendered":"Pol\u00edtica de privacidad"},"content":{"rendered":"\t\t<div data-elementor-type=\"wp-page\" data-elementor-id=\"2075\" class=\"elementor elementor-2075 elementor-736\" data-elementor-post-type=\"page\">\n\t\t\t\t<div class=\"elementor-element elementor-element-fff93cb e-con-full e-flex e-con e-parent\" data-id=\"fff93cb\" data-element_type=\"container\" data-settings=\"{&quot;background_background&quot;:&quot;classic&quot;}\">\n\t\t\t\t<div class=\"elementor-element elementor-element-1ac0e63 elementor-widget elementor-widget-heading\" data-id=\"1ac0e63\" data-element_type=\"widget\" data-widget_type=\"heading.default\">\n\t\t\t\t<div class=\"elementor-widget-container\">\n\t\t\t\t\t<h1 class=\"elementor-heading-title elementor-size-default\">Pol\u00edtica de privacidad<\/h1>\t\t\t\t<\/div>\n\t\t\t\t<\/div>\n\t\t\t\t<\/div>\n\t\t<div class=\"elementor-element elementor-element-3e3eaaf e-con-full elementor-hidden-mobile e-flex e-con e-parent\" data-id=\"3e3eaaf\" data-element_type=\"container\">\n\t\t\t\t<div class=\"elementor-element elementor-element-851a642 elementor-widget elementor-widget-text-editor\" data-id=\"851a642\" data-element_type=\"widget\" data-widget_type=\"text-editor.default\">\n\t\t\t\t<div class=\"elementor-widget-container\">\n\t\t\t\t\t\t\t\t\t<p>Responsable de sus datos<\/p>\t\t\t\t\t\t\t\t<\/div>\n\t\t\t\t<\/div>\n\t\t\t\t<div class=\"elementor-element elementor-element-a8ec593 elementor-widget elementor-widget-text-editor\" data-id=\"a8ec593\" data-element_type=\"widget\" data-widget_type=\"text-editor.default\">\n\t\t\t\t<div class=\"elementor-widget-container\">\n\t\t\t\t\t\t\t\t\t<p>Inox Torres Group S.L.<br>Irlanda, 6, 08520<br>Les Franqueses del Vall\u00e8s<br>Barcelona (Espa\u00f1a)<br>Tel. +34 93 861 70 70<br>Fax: +34 93 840 04 90<br>Correo electr\u00f3nico: assa@aguilarysalas.com <\/p><p>NIF: B67428698<\/p>\t\t\t\t\t\t\t\t<\/div>\n\t\t\t\t<\/div>\n\t\t\t\t<div class=\"elementor-element elementor-element-65e51bf elementor-widget elementor-widget-text-editor\" data-id=\"65e51bf\" data-element_type=\"widget\" data-widget_type=\"text-editor.default\">\n\t\t\t\t<div class=\"elementor-widget-container\">\n\t\t\t\t\t\t\t\t\t<p>Objetivo y prop\u00f3sitos<\/p>\t\t\t\t\t\t\t\t<\/div>\n\t\t\t\t<\/div>\n\t\t\t\t<div class=\"elementor-element elementor-element-2ae971b elementor-widget elementor-widget-text-editor\" data-id=\"2ae971b\" data-element_type=\"widget\" data-widget_type=\"text-editor.default\">\n\t\t\t\t<div class=\"elementor-widget-container\">\n\t\t\t\t\t\t\t\t\t<p>Gestionar la recepci\u00f3n de consultas sobre nuestros productos y servicios para comunicarnos directamente con usted.<\/p>\t\t\t\t\t\t\t\t<\/div>\n\t\t\t\t<\/div>\n\t\t\t\t<div class=\"elementor-element elementor-element-e3dbb65 elementor-widget elementor-widget-text-editor\" data-id=\"e3dbb65\" data-element_type=\"widget\" data-widget_type=\"text-editor.default\">\n\t\t\t\t<div class=\"elementor-widget-container\">\n\t\t\t\t\t\t\t\t\t<p>Derechos<\/p>\t\t\t\t\t\t\t\t<\/div>\n\t\t\t\t<\/div>\n\t\t\t\t<div class=\"elementor-element elementor-element-cd4d0b8 elementor-widget elementor-widget-text-editor\" data-id=\"cd4d0b8\" data-element_type=\"widget\" data-widget_type=\"text-editor.default\">\n\t\t\t\t<div class=\"elementor-widget-container\">\n\t\t\t\t\t\t\t\t\t<p>Puede retirar su consentimiento en cualquier momento, as\u00ed como ejercer los derechos de acceso, oposici\u00f3n, rectificaci\u00f3n, portabilidad de datos, restricci\u00f3n \/ limitaci\u00f3n del procesamiento, eliminaci\u00f3n de datos, cancelaci\u00f3n y no estar sujeto a decisiones por escrito a la direcci\u00f3n especificada.<\/p>\t\t\t\t\t\t\t\t<\/div>\n\t\t\t\t<\/div>\n\t\t\t\t<div class=\"elementor-element elementor-element-380af14 elementor-widget elementor-widget-text-editor\" data-id=\"380af14\" data-element_type=\"widget\" data-widget_type=\"text-editor.default\">\n\t\t\t\t<div class=\"elementor-widget-container\">\n\t\t\t\t\t\t\t\t\t<p>Legitimidad<\/p>\t\t\t\t\t\t\t\t<\/div>\n\t\t\t\t<\/div>\n\t\t\t\t<div class=\"elementor-element elementor-element-9e1f6e0 elementor-widget elementor-widget-text-editor\" data-id=\"9e1f6e0\" data-element_type=\"widget\" data-widget_type=\"text-editor.default\">\n\t\t\t\t<div class=\"elementor-widget-container\">\n\t\t\t\t\t\t\t\t\t<p>Consentimiento del sujeto de los datos.<\/p>\t\t\t\t\t\t\t\t<\/div>\n\t\t\t\t<\/div>\n\t\t\t\t<div class=\"elementor-element elementor-element-e01fb27 elementor-widget elementor-widget-text-editor\" data-id=\"e01fb27\" data-element_type=\"widget\" data-widget_type=\"text-editor.default\">\n\t\t\t\t<div class=\"elementor-widget-container\">\n\t\t\t\t\t\t\t\t\t<p>Detalles sobre la protecci\u00f3n de datos personales<\/p>\t\t\t\t\t\t\t\t<\/div>\n\t\t\t\t<\/div>\n\t\t\t\t<div class=\"elementor-element elementor-element-1943c95 elementor-widget elementor-widget-text-editor\" data-id=\"1943c95\" data-element_type=\"widget\" data-widget_type=\"text-editor.default\">\n\t\t\t\t<div class=\"elementor-widget-container\">\n\t\t\t\t\t\t\t\t\t<p>Puede enviarnos Datos Personales de forma voluntaria a trav\u00e9s de los formularios incluidos en nuestra p\u00e1gina web a trav\u00e9s de correo electr\u00f3nico, perfiles en redes sociales u otros medios. El suministro de datos personales a trav\u00e9s de este sitio web implica el consentimiento del tratamiento de datos de acuerdo con los t\u00e9rminos indicados en esta Pol\u00edtica de Privacidad. Su consentimiento cumple con los siguientes objetivos:  <\/p><p>Responder a sus solicitudes, incidencias y sugerencias.<\/p><p>Le mantendremos informado sobre nuestros productos y servicios por medios electr\u00f3nicos o cualquier otro medio facilitado y facilitado, as\u00ed como para informarle sobre promociones, novedades y nuevos productos.<\/p><p>Proporcionar los servicios o productos derivados de nuestro acuerdo comercial o relaci\u00f3n comercial.<\/p><p>Contactarlo para administrar las tareas b\u00e1sicas de administraci\u00f3n.<\/p><p>Cumplir con nuestras obligaciones legales y reglamentarias.<\/p><p>Con su consentimiento: Podemos compartir informaci\u00f3n personal sobre usted con terceros cuando nos d\u00e9 su consentimiento expreso para hacerlo. Tenga en cuenta que el consentimiento otorgado puede ser revocado por usted en cualquier momento. <\/p><p>Conservaci\u00f3n de los datos: Los datos personales facilitados se conservar\u00e1n y tratar\u00e1n durante el tiempo que los necesitemos para proporcionar los productos solicitados o para cumplir con nuestras obligaciones comerciales o legales. Nos aseguraremos de no conservar sus datos personales durante m\u00e1s tiempo del necesario. Cuando ya no sea necesario conservar sus datos personales, se eliminar\u00e1n o anonimizar\u00e1n para que ya no puedan identificarse con dichos datos.  <\/p>\t\t\t\t\t\t\t\t<\/div>\n\t\t\t\t<\/div>\n\t\t\t\t<div class=\"elementor-element elementor-element-907fa99 elementor-widget elementor-widget-text-editor\" data-id=\"907fa99\" data-element_type=\"widget\" data-widget_type=\"text-editor.default\">\n\t\t\t\t<div class=\"elementor-widget-container\">\n\t\t\t\t\t\t\t\t\t<p>Sus derechos<\/p>\t\t\t\t\t\t\t\t<\/div>\n\t\t\t\t<\/div>\n\t\t\t\t<div class=\"elementor-element elementor-element-d9b0fdd elementor-widget elementor-widget-text-editor\" data-id=\"d9b0fdd\" data-element_type=\"widget\" data-widget_type=\"text-editor.default\">\n\t\t\t\t<div class=\"elementor-widget-container\">\n\t\t\t\t\t\t\t\t\t<p>Seg\u00fan lo dispuesto por la normativa europea sobre protecci\u00f3n de datos personales, puede disfrutar de los derechos relacionados con sus datos personales:<\/p><p>Derecho de acceso: si lo solicita, le confirmaremos si estamos tratando sus datos personales y, en caso afirmativo, le facilitaremos una copia de dichos datos personales.<\/p><p>Derecho de oposici\u00f3n: Puede solicitarnos en cualquier momento que dejemos de procesar sus Datos personales.<\/p><p>Derecho de rectificaci\u00f3n: Tiene derecho a solicitar que corrijamos o completemos sus datos personales si son inexactos o incompletos.<\/p><p>Derecho a la portabilidad de los datos: tiene derecho a mover, copiar o transferir datos personales de nuestra base de datos a otra. Esto solo se aplica a los datos personales que ha proporcionado cuando el procesamiento se basa en un contrato o en su consentimiento, y el procesamiento se realiza por medios automatizados. <\/p><p>Derecho de restricci\u00f3n \/ limitaci\u00f3n del procesamiento de datos: este derecho significa que nuestro procesamiento de sus datos personales est\u00e1 restringido, por lo que podemos almacenarlos, pero no usarlos ni procesarlos m\u00e1s.<\/p><p>Derecho al olvido: en algunos casos, tiene derecho a que se eliminen o eliminen sus datos personales. Puede solicitarnos que eliminemos o eliminemos sus datos personales. <\/p><p>Derecho de cancelaci\u00f3n: Puede cancelar su suscripci\u00f3n o excluirse de nuestra comunicaci\u00f3n de marketing directo en cualquier momento.<\/p><p>Derecho a no ser objeto de una decisi\u00f3n basada \u00fanicamente en la toma de decisiones automatizada. Cuando utilizamos sus datos personales para tomar una decisi\u00f3n automatizada sobre usted, tiene derecho a oponerse a nuestra decisi\u00f3n. Su derecho no se aplica si: (i) nos dio su consentimiento expl\u00edcito para utilizar sus datos personales para tomar nuestra decisi\u00f3n; (ii) la ley nos permite tomar nuestra decisi\u00f3n; o (iii) nuestra decisi\u00f3n automatizada fue necesaria para permitirnos celebrar un contrato con usted.     <\/p><p>Para cualquier incidencia o reclamaci\u00f3n sobre nuestras pr\u00e1cticas de privacidad, incluyendo la forma en que manejamos sus Datos Personales, puede informar a la autoridad de protecci\u00f3n de datos competente, autorizada para escuchar y procesar las solicitudes.<\/p><p>Estos derechos pueden ejercerse mediante comunicaci\u00f3n escrita dirigida a Irlanda, 6. 08520 Les Franqueses del Vall\u00e9s, Barcelona (Espa\u00f1a) <\/p><p>Deber\u00e1 adjuntar copia de su documento de identidad u otro documento de identificaci\u00f3n v\u00e1lido.<\/p>\t\t\t\t\t\t\t\t<\/div>\n\t\t\t\t<\/div>\n\t\t\t\t<div class=\"elementor-element elementor-element-b60477a elementor-widget elementor-widget-text-editor\" data-id=\"b60477a\" data-element_type=\"widget\" data-widget_type=\"text-editor.default\">\n\t\t\t\t<div class=\"elementor-widget-container\">\n\t\t\t\t\t\t\t\t\t<p>Medidas de seguridad y confidencialidad<\/p>\t\t\t\t\t\t\t\t<\/div>\n\t\t\t\t<\/div>\n\t\t\t\t<div class=\"elementor-element elementor-element-4e34784 elementor-widget elementor-widget-text-editor\" data-id=\"4e34784\" data-element_type=\"widget\" data-widget_type=\"text-editor.default\">\n\t\t\t\t<div class=\"elementor-widget-container\">\n\t\t\t\t\t\t\t\t\t<p>Inox Torres Group S.L. adopta las medidas necesarias para mantener el nivel de seguridad requerido, en funci\u00f3n de la naturaleza de los datos personales tratados y de las circunstancias del tratamiento, de forma que podamos evitar, en la medida de lo posible, la p\u00e9rdida, alteraci\u00f3n y acceso no autorizado a los datos personales.<br>Inox Torres Group S.L. garantiza la confidencialidad, integridad y disponibilidad de los sistemas de tratamiento, as\u00ed como la verificaci\u00f3n de la eficacia de las medidas t\u00e9cnicas implantadas para garantizar la seguridad de sus datos, como el cifrado de datos personales, en su caso.<\/p><p>Los datos recogidos en todas las comunicaciones privadas ser\u00e1n tratados con absoluta confidencialidad bajo la obligaci\u00f3n de secreto profesional.<\/p><p>Antes de proporcionar datos personales en nuestro sitio web, una vez le\u00eddos y entendidos los t\u00e9rminos contenidos en esta Pol\u00edtica de Privacidad, debe dar su consentimiento expreso para proporcionar sus datos personales. El Usuario se compromete a eximir de responsabilidad cualquier posible reclamaci\u00f3n, multa o sanci\u00f3n que pudiera imponerse como consecuencia del incumplimiento por parte del Usuario de la obligaci\u00f3n descrita en este p\u00e1rrafo. <\/p>\t\t\t\t\t\t\t\t<\/div>\n\t\t\t\t<\/div>\n\t\t\t\t<div class=\"elementor-element elementor-element-79d81c1 elementor-widget elementor-widget-text-editor\" data-id=\"79d81c1\" data-element_type=\"widget\" data-widget_type=\"text-editor.default\">\n\t\t\t\t<div class=\"elementor-widget-container\">\n\t\t\t\t\t\t\t\t\t<p>Cambios en nuestra pol\u00edtica de privacidad<\/p>\t\t\t\t\t\t\t\t<\/div>\n\t\t\t\t<\/div>\n\t\t\t\t<div class=\"elementor-element elementor-element-4672a01 elementor-widget elementor-widget-text-editor\" data-id=\"4672a01\" data-element_type=\"widget\" data-widget_type=\"text-editor.default\">\n\t\t\t\t<div class=\"elementor-widget-container\">\n\t\t\t\t\t\t\t\t\t<p>Cualquier cambio que podamos realizar en nuestra Pol\u00edtica de Privacidad y cookies en el futuro se publicar\u00e1 en esta p\u00e1gina y, cuando corresponda, se le notificar\u00e1 por correo electr\u00f3nico. Consulte esta secci\u00f3n con frecuencia para ver actualizaciones o cambios en nuestra Pol\u00edtica de Privacidad y cookies. <\/p>\t\t\t\t\t\t\t\t<\/div>\n\t\t\t\t<\/div>\n\t\t\t\t<\/div>\n\t\t\t\t<\/div>\n\t\t","protected":false},"excerpt":{"rendered":"<p>Pol\u00edtica de privacidad Responsable de sus datos Inox Torres Group S.L.Irlanda, 6, 08520Les Franqueses del Vall\u00e8sBarcelona (Espa\u00f1a)Tel. +34 93 861 70 70Fax: +34 93 840 04 90Correo electr\u00f3nico: assa@aguilarysalas.com NIF: B67428698 Objetivo y prop\u00f3sitos Gestionar la recepci\u00f3n de consultas sobre nuestros productos y servicios para comunicarnos directamente con usted. Derechos Puede retirar su consentimiento en [&hellip;]<\/p>\n","protected":false},"author":1,"featured_media":0,"parent":0,"menu_order":0,"comment_status":"closed","ping_status":"closed","template":"","meta":{"_acf_changed":false,"footnotes":""},"class_list":["post-2075","page","type-page","status-publish","hentry"],"acf":[],"yoast_head":"<!-- This site is optimized with the Yoast SEO plugin v26.6 - https:\/\/yoast.com\/wordpress\/plugins\/seo\/ -->\n<title>Pol\u00edtica de privacidad - InoxTorres<\/title>\n<meta name=\"robots\" content=\"index, follow, max-snippet:-1, max-image-preview:large, max-video-preview:-1\" \/>\n<link rel=\"canonical\" href=\"https:\/\/www.inoxtorres.com\/es\/politica-de-privacidad\/\" \/>\n<meta property=\"og:locale\" content=\"es_ES\" \/>\n<meta property=\"og:type\" content=\"article\" \/>\n<meta property=\"og:title\" content=\"Pol\u00edtica de privacidad - InoxTorres\" \/>\n<meta property=\"og:description\" content=\"Pol\u00edtica de privacidad Responsable de sus datos Inox Torres Group S.L.Irlanda, 6, 08520Les Franqueses del Vall\u00e8sBarcelona (Espa\u00f1a)Tel. +34 93 861 70 70Fax: +34 93 840 04 90Correo electr\u00f3nico: assa@aguilarysalas.com NIF: B67428698 Objetivo y prop\u00f3sitos Gestionar la recepci\u00f3n de consultas sobre nuestros productos y servicios para comunicarnos directamente con usted. Derechos Puede retirar su consentimiento en [&hellip;]\" \/>\n<meta property=\"og:url\" content=\"https:\/\/www.inoxtorres.com\/es\/politica-de-privacidad\/\" \/>\n<meta property=\"og:site_name\" content=\"InoxTorres\" \/>\n<meta property=\"article:modified_time\" content=\"2025-12-09T12:55:15+00:00\" \/>\n<meta name=\"twitter:card\" content=\"summary_large_image\" \/>\n<meta name=\"twitter:label1\" content=\"Tiempo de lectura\" \/>\n\t<meta name=\"twitter:data1\" content=\"5 minutos\" \/>\n<script type=\"application\/ld+json\" class=\"yoast-schema-graph\">{\"@context\":\"https:\/\/schema.org\",\"@graph\":[{\"@type\":\"WebPage\",\"@id\":\"https:\/\/www.inoxtorres.com\/es\/politica-de-privacidad\/\",\"url\":\"https:\/\/www.inoxtorres.com\/es\/politica-de-privacidad\/\",\"name\":\"Pol\u00edtica de privacidad - InoxTorres\",\"isPartOf\":{\"@id\":\"https:\/\/www.inoxtorres.com\/es\/#website\"},\"datePublished\":\"2025-06-10T11:35:21+00:00\",\"dateModified\":\"2025-12-09T12:55:15+00:00\",\"breadcrumb\":{\"@id\":\"https:\/\/www.inoxtorres.com\/es\/politica-de-privacidad\/#breadcrumb\"},\"inLanguage\":\"es\",\"potentialAction\":[{\"@type\":\"ReadAction\",\"target\":[\"https:\/\/www.inoxtorres.com\/es\/politica-de-privacidad\/\"]}]},{\"@type\":\"BreadcrumbList\",\"@id\":\"https:\/\/www.inoxtorres.com\/es\/politica-de-privacidad\/#breadcrumb\",\"itemListElement\":[{\"@type\":\"ListItem\",\"position\":1,\"name\":\"Portada\",\"item\":\"https:\/\/www.inoxtorres.com\/es\/hogar\/\"},{\"@type\":\"ListItem\",\"position\":2,\"name\":\"Pol\u00edtica de privacidad\"}]},{\"@type\":\"WebSite\",\"@id\":\"https:\/\/www.inoxtorres.com\/es\/#website\",\"url\":\"https:\/\/www.inoxtorres.com\/es\/\",\"name\":\"InoxTorres\",\"description\":\"\",\"publisher\":{\"@id\":\"https:\/\/www.inoxtorres.com\/es\/#organization\"},\"potentialAction\":[{\"@type\":\"SearchAction\",\"target\":{\"@type\":\"EntryPoint\",\"urlTemplate\":\"https:\/\/www.inoxtorres.com\/es\/?s={search_term_string}\"},\"query-input\":{\"@type\":\"PropertyValueSpecification\",\"valueRequired\":true,\"valueName\":\"search_term_string\"}}],\"inLanguage\":\"es\"},{\"@type\":\"Organization\",\"@id\":\"https:\/\/www.inoxtorres.com\/es\/#organization\",\"name\":\"InoxTorres\",\"url\":\"https:\/\/www.inoxtorres.com\/es\/\",\"logo\":{\"@type\":\"ImageObject\",\"inLanguage\":\"es\",\"@id\":\"https:\/\/www.inoxtorres.com\/es\/#\/schema\/logo\/image\/\",\"url\":\"https:\/\/www.inoxtorres.com\/wp-content\/uploads\/2025\/05\/Light-3.svg\",\"contentUrl\":\"https:\/\/www.inoxtorres.com\/wp-content\/uploads\/2025\/05\/Light-3.svg\",\"width\":246,\"height\":55,\"caption\":\"InoxTorres\"},\"image\":{\"@id\":\"https:\/\/www.inoxtorres.com\/es\/#\/schema\/logo\/image\/\"}}]}<\/script>\n<!-- \/ Yoast SEO plugin. -->","yoast_head_json":{"title":"Pol\u00edtica de privacidad - InoxTorres","robots":{"index":"index","follow":"follow","max-snippet":"max-snippet:-1","max-image-preview":"max-image-preview:large","max-video-preview":"max-video-preview:-1"},"canonical":"https:\/\/www.inoxtorres.com\/es\/politica-de-privacidad\/","og_locale":"es_ES","og_type":"article","og_title":"Pol\u00edtica de privacidad - InoxTorres","og_description":"Pol\u00edtica de privacidad Responsable de sus datos Inox Torres Group S.L.Irlanda, 6, 08520Les Franqueses del Vall\u00e8sBarcelona (Espa\u00f1a)Tel. +34 93 861 70 70Fax: +34 93 840 04 90Correo electr\u00f3nico: assa@aguilarysalas.com NIF: B67428698 Objetivo y prop\u00f3sitos Gestionar la recepci\u00f3n de consultas sobre nuestros productos y servicios para comunicarnos directamente con usted. Derechos Puede retirar su consentimiento en [&hellip;]","og_url":"https:\/\/www.inoxtorres.com\/es\/politica-de-privacidad\/","og_site_name":"InoxTorres","article_modified_time":"2025-12-09T12:55:15+00:00","twitter_card":"summary_large_image","twitter_misc":{"Tiempo de lectura":"5 minutos"},"schema":{"@context":"https:\/\/schema.org","@graph":[{"@type":"WebPage","@id":"https:\/\/www.inoxtorres.com\/es\/politica-de-privacidad\/","url":"https:\/\/www.inoxtorres.com\/es\/politica-de-privacidad\/","name":"Pol\u00edtica de privacidad - InoxTorres","isPartOf":{"@id":"https:\/\/www.inoxtorres.com\/es\/#website"},"datePublished":"2025-06-10T11:35:21+00:00","dateModified":"2025-12-09T12:55:15+00:00","breadcrumb":{"@id":"https:\/\/www.inoxtorres.com\/es\/politica-de-privacidad\/#breadcrumb"},"inLanguage":"es","potentialAction":[{"@type":"ReadAction","target":["https:\/\/www.inoxtorres.com\/es\/politica-de-privacidad\/"]}]},{"@type":"BreadcrumbList","@id":"https:\/\/www.inoxtorres.com\/es\/politica-de-privacidad\/#breadcrumb","itemListElement":[{"@type":"ListItem","position":1,"name":"Portada","item":"https:\/\/www.inoxtorres.com\/es\/hogar\/"},{"@type":"ListItem","position":2,"name":"Pol\u00edtica de privacidad"}]},{"@type":"WebSite","@id":"https:\/\/www.inoxtorres.com\/es\/#website","url":"https:\/\/www.inoxtorres.com\/es\/","name":"InoxTorres","description":"","publisher":{"@id":"https:\/\/www.inoxtorres.com\/es\/#organization"},"potentialAction":[{"@type":"SearchAction","target":{"@type":"EntryPoint","urlTemplate":"https:\/\/www.inoxtorres.com\/es\/?s={search_term_string}"},"query-input":{"@type":"PropertyValueSpecification","valueRequired":true,"valueName":"search_term_string"}}],"inLanguage":"es"},{"@type":"Organization","@id":"https:\/\/www.inoxtorres.com\/es\/#organization","name":"InoxTorres","url":"https:\/\/www.inoxtorres.com\/es\/","logo":{"@type":"ImageObject","inLanguage":"es","@id":"https:\/\/www.inoxtorres.com\/es\/#\/schema\/logo\/image\/","url":"https:\/\/www.inoxtorres.com\/wp-content\/uploads\/2025\/05\/Light-3.svg","contentUrl":"https:\/\/www.inoxtorres.com\/wp-content\/uploads\/2025\/05\/Light-3.svg","width":246,"height":55,"caption":"InoxTorres"},"image":{"@id":"https:\/\/www.inoxtorres.com\/es\/#\/schema\/logo\/image\/"}}]}},"_links":{"self":[{"href":"https:\/\/www.inoxtorres.com\/es\/wp-json\/wp\/v2\/pages\/2075","targetHints":{"allow":["GET"]}}],"collection":[{"href":"https:\/\/www.inoxtorres.com\/es\/wp-json\/wp\/v2\/pages"}],"about":[{"href":"https:\/\/www.inoxtorres.com\/es\/wp-json\/wp\/v2\/types\/page"}],"author":[{"embeddable":true,"href":"https:\/\/www.inoxtorres.com\/es\/wp-json\/wp\/v2\/users\/1"}],"replies":[{"embeddable":true,"href":"https:\/\/www.inoxtorres.com\/es\/wp-json\/wp\/v2\/comments?post=2075"}],"version-history":[{"count":1,"href":"https:\/\/www.inoxtorres.com\/es\/wp-json\/wp\/v2\/pages\/2075\/revisions"}],"predecessor-version":[{"id":2076,"href":"https:\/\/www.inoxtorres.com\/es\/wp-json\/wp\/v2\/pages\/2075\/revisions\/2076"}],"wp:attachment":[{"href":"https:\/\/www.inoxtorres.com\/es\/wp-json\/wp\/v2\/media?parent=2075"}],"curies":[{"name":"wp","href":"https:\/\/api.w.org\/{rel}","templated":true}]}}